{"id":9545,"date":"2024-07-21T15:41:00","date_gmt":"2024-07-21T12:41:00","guid":{"rendered":"https:\/\/mbdentaire.com\/son-kontrol-sureci\/"},"modified":"2024-09-18T01:48:45","modified_gmt":"2024-09-17T22:48:45","slug":"processus-de-controle-final","status":"publish","type":"page","link":"https:\/\/mbdentaire.com\/fr\/processus-de-controle-final\/","title":{"rendered":"Processus de contr\u00f4le final"},"content":{"rendered":"\t\t<div data-elementor-type=\"wp-page\" data-elementor-id=\"9545\" class=\"elementor elementor-9545 elementor-7237\">\n\t\t\t\t<div class=\"elementor-element elementor-element-09d787a e-flex e-con-boxed e-con e-parent\" data-id=\"09d787a\" data-element_type=\"container\" data-e-type=\"container\" data-settings=\"{&quot;background_background&quot;:&quot;classic&quot;}\">\n\t\t\t\t\t<div class=\"e-con-inner\">\n\t\t<div class=\"elementor-element elementor-element-3063e8e e-con-full e-flex e-con e-child\" data-id=\"3063e8e\" data-element_type=\"container\" data-e-type=\"container\">\n\t\t\t\t<div data-custom-animations=\"true\" data-ca-options=\"{&quot;addChildTimelines&quot;:false,&quot;trigger&quot;:&quot;firstChild&quot;,&quot;animationTarget&quot;:&quot;.lqd-split-words .lqd-words .split-inner, .lqd-adv-txt-fig&quot;,&quot;duration&quot;:600,&quot;startDelay&quot;:200,&quot;delay&quot;:60,&quot;ease&quot;:[&quot;power4.out&quot;],&quot;initValues&quot;:{&quot;y&quot;:&quot;30px&quot;,&quot;opacity&quot;:0,&quot;transformOrigin&quot;:&quot;50% 50% 0px&quot;},&quot;animations&quot;:{&quot;y&quot;:&quot;0px&quot;,&quot;opacity&quot;:1,&quot;transformOrigin&quot;:&quot;50% 50% 0px&quot;}}\" class=\"elementor-element elementor-element-8eb4bf6 elementor-widget elementor-widget-hub_fancy_heading lqd-el-has-inner-anim\" data-id=\"8eb4bf6\" data-element_type=\"widget\" data-e-type=\"widget\" data-settings=\"{&quot;enable_split&quot;:&quot;true&quot;,&quot;split_type&quot;:&quot;words&quot;}\" data-widget_type=\"hub_fancy_heading.default\">\n\t\t\t\t<div class=\"elementor-widget-container\">\n\t\t\t\t\t\n\t\t<div id=\"ld-fancy-heading-69e0ede7920cf\" class=\"ld-fancy-heading pos-rel\">\n\t\t\t<h1 class=\"ld-fh-element d-inline-block pos-rel  elementor-heading-title lqd-highlight-classic lqd-highlight-grow-left lqd-split-words h1\"  data-split-text=\"true\" data-split-options='{\"type\":\"words\"}'> processus de contr\u00f4le final<\/h1>\t\t<\/div>\n\n\t\t\t\t\t\t<\/div>\n\t\t\t\t<\/div>\n\t\t\t\t<\/div>\n\t\t\t\t\t<\/div>\n\t\t\t\t<\/div>\n\t\t<div class=\"elementor-element elementor-element-618b580 e-flex e-con-boxed e-con e-parent\" data-id=\"618b580\" data-element_type=\"container\" data-e-type=\"container\">\n\t\t\t\t\t<div class=\"e-con-inner\">\n\t\t<div class=\"elementor-element elementor-element-b950c87 e-con-full e-flex elementor-invisible e-con e-child\" data-id=\"b950c87\" data-element_type=\"container\" data-e-type=\"container\" data-settings=\"{&quot;animation&quot;:&quot;fadeInLeft&quot;}\">\n\t\t\t\t<div class=\"elementor-element elementor-element-e523292 elementor-widget elementor-widget-text-editor\" data-id=\"e523292\" data-element_type=\"widget\" data-e-type=\"widget\" data-widget_type=\"text-editor.default\">\n\t\t\t\t<div class=\"elementor-widget-container\">\n\t\t\t\t\t\t\t\t\t<p>Tous les produits fabriqu\u00e9s par MBdentaire sont suivis et contr\u00f4l\u00e9s par des ma\u00eetres techniciens exp\u00e9riment\u00e9s dans le secteur pendant la production. Dans ce processus, les techniciens communiquent avec les clients dans leur propre langue et transmettent les demandes du client au terrain de la mani\u00e8re la plus rapide et la plus pr\u00e9cise.<\/p>\t\t\t\t\t\t\t\t<\/div>\n\t\t\t\t<\/div>\n\t\t\t\t<div class=\"elementor-element elementor-element-68b2208 elementor-widget elementor-widget-text-editor\" data-id=\"68b2208\" data-element_type=\"widget\" data-e-type=\"widget\" data-widget_type=\"text-editor.default\">\n\t\t\t\t<div class=\"elementor-widget-container\">\n\t\t\t\t\t\t\t\t\t<p><strong>SUIVI ET CONTR\u00d4LE\u00a0<\/strong><br \/>Tous les produits MBdentaire sont contr\u00f4l\u00e9s et approuv\u00e9s en d\u00e9tail par des Ma\u00eetres Techniciens avant de quitter le laboratoire.<\/p>\t\t\t\t\t\t\t\t<\/div>\n\t\t\t\t<\/div>\n\t\t\t\t<\/div>\n\t\t<div class=\"elementor-element elementor-element-742dd1f e-con-full e-flex elementor-invisible e-con e-child\" data-id=\"742dd1f\" data-element_type=\"container\" data-e-type=\"container\" data-settings=\"{&quot;animation&quot;:&quot;fadeInRight&quot;}\">\n\t\t\t\t<div class=\"elementor-element elementor-element-509f2e4 elementor-widget elementor-widget-ld_fancy_image\" data-id=\"509f2e4\" data-element_type=\"widget\" data-e-type=\"widget\" data-widget_type=\"ld_fancy_image.default\">\n\t\t\t\t<div class=\"elementor-widget-container\">\n\t\t\t\t\t\n\t\t<div class=\"lqd-imggrp-single d-block pos-rel \" data-shadow-style=\"1\" data-inview=\"true\" data-animate-shadow=\"true\">\n\t\t\t<div class=\"lqd-imggrp-img-container d-inline-flex pos-rel align-items-center justify-content-center \">\n\t\t\t\t\t\t\t\t<figure class=\"w-100 pos-rel\">\n\t\t\t\t\t<img fetchpriority=\"high\" decoding=\"async\" width=\"1030\" height=\"600\" src=\"https:\/\/mbdentaire.com\/wp-content\/uploads\/2024\/07\/takip.jpg\" class=\"attachment-full size-full wp-image-7482\" alt=\"\" srcset=\"https:\/\/mbdentaire.com\/wp-content\/uploads\/2024\/07\/takip.jpg 1030w, https:\/\/mbdentaire.com\/wp-content\/uploads\/2024\/07\/takip-300x175.jpg 300w, https:\/\/mbdentaire.com\/wp-content\/uploads\/2024\/07\/takip-1024x597.jpg 1024w\" sizes=\"(max-width: 1030px) 100vw, 1030px\" \/>\t\t\t\t\t\t\t\t\t\t\t\t\t\t\t\t\t\t\t\t\t\t\t\t\t\t\t\t\t<\/figure>\n\t\t\t<\/div>\n\t\t<\/div>\n\n\t\t\t\t\t<\/div>\n\t\t\t\t<\/div>\n\t\t\t\t<\/div>\n\t\t\t\t\t<\/div>\n\t\t\t\t<\/div>\n\t\t<div data-custom-animations=\"true\" data-ca-options=\"{&quot;addChildTimelines&quot;:false,&quot;trigger&quot;:&quot;firstChild&quot;,&quot;animationTarget&quot;:&quot;:scope .e-con-inner &gt; .elementor-element:not(.lqd-exclude-parent-ca) &gt; .elementor-widget-container, :scope .e-con-inner &gt; .elementor-widget-hub_fancy_heading .lqd-split-lines .lqd-lines .split-inner, :scope .e-con-inner &gt; .elementor-widget-hub_fancy_heading .lqd-split-words .lqd-words .split-inner, :scope .e-con-inner &gt; .elementor-widget-hub_fancy_heading .lqd-split-chars .lqd-chars .split-inner, :scope .e-con-inner &gt; .elementor-widget-hub_fancy_heading .lqd-adv-txt-fig, :scope .e-con-inner &gt; .elementor-widget-ld_custom_menu .lqd-fancy-menu &gt; ul &gt; li, :scope .e-con:not([data-parallax]) .elementor-element &gt; .elementor-widget-container, :scope .e-con:not([data-parallax]) .elementor-widget-hub_fancy_heading .lqd-split-lines .lqd-lines .split-inner, :scope .e-con:not([data-parallax]) .elementor-widget-hub_fancy_heading .lqd-split-words .lqd-words .split-inner, :scope .e-con:not([data-parallax]) .elementor-widget-hub_fancy_heading .lqd-split-chars .lqd-chars .split-inner, :scope .e-con:not([data-parallax]) .elementor-widget-ld_custom_menu .lqd-fancy-menu &gt; ul &gt; li&quot;,&quot;ease&quot;:[&quot;power4.out&quot;],&quot;initValues&quot;:{&quot;x&quot;:&quot;-80px&quot;,&quot;opacity&quot;:0,&quot;transformOrigin&quot;:&quot;50% 50% 0px&quot;},&quot;animations&quot;:{&quot;x&quot;:&quot;0px&quot;,&quot;opacity&quot;:1,&quot;transformOrigin&quot;:&quot;50% 50% 0px&quot;}}\" class=\"elementor-element elementor-element-af5eeeb e-flex e-con-boxed e-con e-parent\" data-id=\"af5eeeb\" data-element_type=\"container\" data-e-type=\"container\" data-settings=\"{&quot;background_background&quot;:&quot;classic&quot;}\">\n\t\t\t\t\t<div class=\"e-con-inner\">\n\t\t<div class=\"elementor-element elementor-element-5bda7fc e-con-full e-flex e-con e-child\" data-id=\"5bda7fc\" data-element_type=\"container\" data-e-type=\"container\" data-settings=\"{&quot;animation&quot;:&quot;none&quot;}\">\n\t\t\t\t<div class=\"lqd-iconbox-scale elementor-element elementor-element-f3f2e40 elementor-align-center elementor-widget elementor-widget-ld_icon_box\" data-id=\"f3f2e40\" data-element_type=\"widget\" data-e-type=\"widget\" data-settings=\"{&quot;enable_scale_animation&quot;:&quot;yes&quot;}\" data-widget_type=\"ld_icon_box.default\">\n\t\t\t\t<div class=\"elementor-widget-container\">\n\t\t\t\t\t\n\t\t\t<div id=\"ld_icon_box_f3f2e40\" class=\"iconbox d-flex flex-grow-1 pos-rel flex-column iconbox-default\"   >\n\n\t\t\t\t\n\t\t\t\t<div class=\"iconbox-icon-wrap  \"><div class=\"iconbox-icon-container d-inline-flex   \"><img decoding=\"async\" src=\"https:\/\/mbdentaire.com\/wp-content\/uploads\/2024\/07\/communication.png\" class=\"lqd-image-icon\" alt=\"NOUS PARLER DANS VOTRE LANGUE\" \/><\/div><\/div>\n\t\t\t\t\n\t\t\t\t<div class=\"contents \">\n\t\t\t\t\n\t\t\t\t<h3 class=\"lqd-iconbox-heading \" >NOUS PARLER DANS VOTRE LANGUE <\/h3>\t\t\t\t<p>Chez Mbdenaire, la satisfaction du client est notre priorit\u00e9. Notre \u00e9quipe fournit des services en plusieurs langues, ce qui garantit une communication efficace et facile \u00e0 comprendre avec vous. <\/p>\n\t\t\t\t\n\t\t\t\t<\/div>\n\t\t\t\t\n\t\t\t<\/div>\n\n\t\t\t\t\t\t<\/div>\n\t\t\t\t<\/div>\n\t\t\t\t<div class=\"elementor-element elementor-element-dec8fee elementor-widget__width-auto elementor-absolute elementor-hidden-tablet elementor-hidden-mobile elementor-view-default elementor-widget elementor-widget-icon\" data-id=\"dec8fee\" data-element_type=\"widget\" data-e-type=\"widget\" data-settings=\"{&quot;_position&quot;:&quot;absolute&quot;,&quot;_animation&quot;:&quot;none&quot;}\" data-widget_type=\"icon.default\">\n\t\t\t\t<div class=\"elementor-widget-container\">\n\t\t\t\t\t\t\t<div class=\"elementor-icon-wrapper\">\n\t\t\t<div class=\"elementor-icon\">\n\t\t\t<i aria-hidden=\"true\" class=\"lqd-icn-ess icon-lqd-circle\"><\/i>\t\t\t<\/div>\n\t\t<\/div>\n\t\t\t\t\t\t<\/div>\n\t\t\t\t<\/div>\n\t\t\t\t<\/div>\n\t\t<div class=\"elementor-element elementor-element-30e46c5 e-con-full e-flex e-con e-child\" data-id=\"30e46c5\" data-element_type=\"container\" data-e-type=\"container\">\n\t\t\t\t<div class=\"lqd-iconbox-scale elementor-element elementor-element-d731664 elementor-align-center elementor-widget elementor-widget-ld_icon_box\" data-id=\"d731664\" data-element_type=\"widget\" data-e-type=\"widget\" data-settings=\"{&quot;enable_scale_animation&quot;:&quot;yes&quot;}\" data-widget_type=\"ld_icon_box.default\">\n\t\t\t\t<div class=\"elementor-widget-container\">\n\t\t\t\t\t\n\t\t\t<div id=\"ld_icon_box_d731664\" class=\"iconbox d-flex flex-grow-1 pos-rel flex-column iconbox-default\"   >\n\n\t\t\t\t\n\t\t\t\t<div class=\"iconbox-icon-wrap  \"><div class=\"iconbox-icon-container d-inline-flex   \"><img decoding=\"async\" src=\"https:\/\/mbdentaire.com\/wp-content\/uploads\/2024\/07\/review.png\" class=\"lqd-image-icon\" alt=\"TRAVAILLER AVEC DES TECHNICIENS EXPERTS\" \/><\/div><\/div>\n\t\t\t\t\n\t\t\t\t<div class=\"contents \">\n\t\t\t\t\n\t\t\t\t<h3 class=\"lqd-iconbox-heading \" >TRAVAILLER AVEC DES TECHNICIENS EXPERTS <\/h3>\t\t\t\t<p>Notre laboratoire est compos\u00e9 de ma\u00eetres techniciens sp\u00e9cialis\u00e9s dans les proth\u00e8ses dentaires et les implants. Nos professionnels, qui ont des ann\u00e9es d'exp\u00e9rience, offrent un travail de la plus haute qualit\u00e9 pour chaque projet. <\/p>\n\t\t\t\t\n\t\t\t\t<\/div>\n\t\t\t\t\n\t\t\t<\/div>\n\n\t\t\t\t\t\t<\/div>\n\t\t\t\t<\/div>\n\t\t\t\t<div class=\"elementor-element elementor-element-326e49a elementor-widget__width-auto elementor-absolute elementor-hidden-tablet elementor-hidden-mobile elementor-view-default elementor-widget elementor-widget-icon\" data-id=\"326e49a\" data-element_type=\"widget\" data-e-type=\"widget\" data-settings=\"{&quot;_position&quot;:&quot;absolute&quot;}\" data-widget_type=\"icon.default\">\n\t\t\t\t<div class=\"elementor-widget-container\">\n\t\t\t\t\t\t\t<div class=\"elementor-icon-wrapper\">\n\t\t\t<div class=\"elementor-icon\">\n\t\t\t<i aria-hidden=\"true\" class=\"lqd-icn-ess icon-lqd-circle\"><\/i>\t\t\t<\/div>\n\t\t<\/div>\n\t\t\t\t\t\t<\/div>\n\t\t\t\t<\/div>\n\t\t\t\t<\/div>\n\t\t<div class=\"elementor-element elementor-element-87005af e-con-full e-flex e-con e-child\" data-id=\"87005af\" data-element_type=\"container\" data-e-type=\"container\">\n\t\t\t\t<div class=\"lqd-iconbox-scale elementor-element elementor-element-76a59c7 elementor-align-center elementor-widget elementor-widget-ld_icon_box\" data-id=\"76a59c7\" data-element_type=\"widget\" data-e-type=\"widget\" data-settings=\"{&quot;enable_scale_animation&quot;:&quot;yes&quot;}\" data-widget_type=\"ld_icon_box.default\">\n\t\t\t\t<div class=\"elementor-widget-container\">\n\t\t\t\t\t\n\t\t\t<div id=\"ld_icon_box_76a59c7\" class=\"iconbox d-flex flex-grow-1 pos-rel flex-column iconbox-default\"   >\n\n\t\t\t\t\n\t\t\t\t<div class=\"iconbox-icon-wrap  \"><div class=\"iconbox-icon-container d-inline-flex   \"><img decoding=\"async\" src=\"https:\/\/mbdentaire.com\/wp-content\/uploads\/2024\/07\/manager.png\" class=\"lqd-image-icon\" alt=\"TOUS VOS PRODUITS SONT CONTR\u00d4L\u00c9S \u00c0 100\" \/><\/div><\/div>\n\t\t\t\t\n\t\t\t\t<div class=\"contents \">\n\t\t\t\t\n\t\t\t\t<h3 class=\"lqd-iconbox-heading \" >TOUS VOS PRODUITS SONT CONTR\u00d4L\u00c9S \u00c0 100 <\/h3>\t\t\t\t<p>Toutes les proth\u00e8ses dentaires et les produits connexes que nous fabriquons chez Mbdenaire sont soumis \u00e0 un processus rigoureux de contr\u00f4le de la qualit\u00e9. Des normes \u00e9lev\u00e9es sont respect\u00e9es \u00e0 chaque \u00e9tape et nos produits sont soumis \u00e0 des tests de qualit\u00e9 rigoureux. <\/p>\n\t\t\t\t\n\t\t\t\t<\/div>\n\t\t\t\t\n\t\t\t<\/div>\n\n\t\t\t\t\t\t<\/div>\n\t\t\t\t<\/div>\n\t\t\t\t<\/div>\n\t\t\t\t\t<\/div>\n\t\t\t\t<\/div>\n\t\t\t\t<\/div>\n\t\t","protected":false},"excerpt":{"rendered":"<p>processus de contr\u00f4le final Tous les produits fabriqu\u00e9s par MBdentaire sont suivis et contr\u00f4l\u00e9s par des ma\u00eetres techniciens exp\u00e9riment\u00e9s dans le secteur pendant la production. Dans ce processus, les techniciens communiquent avec les clients dans leur propre langue et transmettent les demandes du client au terrain de la mani\u00e8re la plus rapide et la plus [&hellip;]<\/p>\n","protected":false},"author":1,"featured_media":0,"parent":0,"menu_order":0,"comment_status":"closed","ping_status":"closed","template":"","meta":{"footnotes":""},"class_list":["post-9545","page","type-page","status-publish","hentry"],"_links":{"self":[{"href":"https:\/\/mbdentaire.com\/fr\/wp-json\/wp\/v2\/pages\/9545","targetHints":{"allow":["GET"]}}],"collection":[{"href":"https:\/\/mbdentaire.com\/fr\/wp-json\/wp\/v2\/pages"}],"about":[{"href":"https:\/\/mbdentaire.com\/fr\/wp-json\/wp\/v2\/types\/page"}],"author":[{"embeddable":true,"href":"https:\/\/mbdentaire.com\/fr\/wp-json\/wp\/v2\/users\/1"}],"replies":[{"embeddable":true,"href":"https:\/\/mbdentaire.com\/fr\/wp-json\/wp\/v2\/comments?post=9545"}],"version-history":[{"count":7,"href":"https:\/\/mbdentaire.com\/fr\/wp-json\/wp\/v2\/pages\/9545\/revisions"}],"predecessor-version":[{"id":9552,"href":"https:\/\/mbdentaire.com\/fr\/wp-json\/wp\/v2\/pages\/9545\/revisions\/9552"}],"wp:attachment":[{"href":"https:\/\/mbdentaire.com\/fr\/wp-json\/wp\/v2\/media?parent=9545"}],"curies":[{"name":"wp","href":"https:\/\/api.w.org\/{rel}","templated":true}]}}