{"id":9532,"date":"2024-07-28T23:58:54","date_gmt":"2024-07-28T20:58:54","guid":{"rendered":"https:\/\/mbdentaire.com\/porselen\/"},"modified":"2024-09-18T01:42:25","modified_gmt":"2024-09-17T22:42:25","slug":"porcelaine","status":"publish","type":"page","link":"https:\/\/mbdentaire.com\/fr\/porcelaine\/","title":{"rendered":"Porcelaine"},"content":{"rendered":"\t\t<div data-elementor-type=\"wp-page\" data-elementor-id=\"9532\" class=\"elementor elementor-9532 elementor-7778\">\n\t\t\t\t<div class=\"elementor-element elementor-element-797573b e-flex e-con-boxed e-con e-parent\" data-id=\"797573b\" data-element_type=\"container\" data-e-type=\"container\" data-settings=\"{&quot;background_background&quot;:&quot;classic&quot;}\">\n\t\t\t\t\t<div class=\"e-con-inner\">\n\t\t<div class=\"elementor-element elementor-element-c7e7e1c e-con-full e-flex e-con e-child\" data-id=\"c7e7e1c\" data-element_type=\"container\" data-e-type=\"container\">\n\t\t\t\t<div data-custom-animations=\"true\" data-ca-options=\"{&quot;addChildTimelines&quot;:false,&quot;trigger&quot;:&quot;firstChild&quot;,&quot;animationTarget&quot;:&quot;.lqd-split-words .lqd-words .split-inner, .lqd-adv-txt-fig&quot;,&quot;duration&quot;:600,&quot;startDelay&quot;:200,&quot;delay&quot;:60,&quot;ease&quot;:[&quot;power4.out&quot;],&quot;initValues&quot;:{&quot;y&quot;:&quot;30px&quot;,&quot;opacity&quot;:0,&quot;transformOrigin&quot;:&quot;50% 50% 0px&quot;},&quot;animations&quot;:{&quot;y&quot;:&quot;0px&quot;,&quot;opacity&quot;:1,&quot;transformOrigin&quot;:&quot;50% 50% 0px&quot;}}\" class=\"elementor-element elementor-element-548ef1d elementor-widget elementor-widget-hub_fancy_heading lqd-el-has-inner-anim\" data-id=\"548ef1d\" data-element_type=\"widget\" data-e-type=\"widget\" data-settings=\"{&quot;enable_split&quot;:&quot;true&quot;,&quot;split_type&quot;:&quot;words&quot;}\" data-widget_type=\"hub_fancy_heading.default\">\n\t\t\t\t<div class=\"elementor-widget-container\">\n\t\t\t\t\t\n\t\t<div id=\"ld-fancy-heading-69e0ede95f5b4\" class=\"ld-fancy-heading pos-rel\">\n\t\t\t<h1 class=\"ld-fh-element d-inline-block pos-rel  elementor-heading-title lqd-highlight-classic lqd-highlight-grow-left lqd-split-words h1\"  data-split-text=\"true\" data-split-options='{\"type\":\"words\"}'> porcelaine<\/h1>\t\t<\/div>\n\n\t\t\t\t\t\t<\/div>\n\t\t\t\t<\/div>\n\t\t\t\t<\/div>\n\t\t\t\t\t<\/div>\n\t\t\t\t<\/div>\n\t\t<div class=\"elementor-element elementor-element-44891d6 e-flex e-con-boxed e-con e-parent\" data-id=\"44891d6\" data-element_type=\"container\" data-e-type=\"container\">\n\t\t\t\t\t<div class=\"e-con-inner\">\n\t\t\t\t<div class=\"elementor-element elementor-element-f93ffb2 elementor-widget elementor-widget-hub_fancy_heading\" data-id=\"f93ffb2\" data-element_type=\"widget\" data-e-type=\"widget\" data-widget_type=\"hub_fancy_heading.default\">\n\t\t\t\t<div class=\"elementor-widget-container\">\n\t\t\t\t\t\n\t\t<div id=\"ld-fancy-heading-69e0ede96020c\" class=\"ld-fancy-heading pos-rel\">\n\t\t\t<h2 class=\"ld-fh-element d-inline-block pos-rel  elementor-heading-title lqd-highlight-classic lqd-highlight-grow-left h2\"  > LA RENCONTRE DU TALENT ET DE L'EXP\u00c9RIENCE<\/h2>\t\t<\/div>\n\n\t\t\t\t\t\t<\/div>\n\t\t\t\t<\/div>\n\t\t\t\t\t<\/div>\n\t\t\t\t<\/div>\n\t\t<div class=\"elementor-element elementor-element-eee5b56 e-flex e-con-boxed e-con e-parent\" data-id=\"eee5b56\" data-element_type=\"container\" data-e-type=\"container\">\n\t\t\t\t\t<div class=\"e-con-inner\">\n\t\t\t\t<div class=\"elementor-element elementor-element-3c53d13 elementor-widget elementor-widget-video\" data-id=\"3c53d13\" data-element_type=\"widget\" data-e-type=\"widget\" data-settings=\"{&quot;video_type&quot;:&quot;hosted&quot;,&quot;autoplay&quot;:&quot;yes&quot;,&quot;play_on_mobile&quot;:&quot;yes&quot;,&quot;mute&quot;:&quot;yes&quot;,&quot;loop&quot;:&quot;yes&quot;,&quot;controls&quot;:&quot;yes&quot;}\" data-widget_type=\"video.default\">\n\t\t\t\t<div class=\"elementor-widget-container\">\n\t\t\t\t\t\t\t<div class=\"e-hosted-video elementor-wrapper elementor-open-inline\">\n\t\t\t\t\t<video class=\"elementor-video\" src=\"https:\/\/mbdentaire.com\/wp-content\/uploads\/2024\/07\/porselan.mp4\" autoplay=\"\" loop=\"\" controls=\"\" muted=\"muted\" playsinline=\"\" controlsList=\"nodownload\"><\/video>\n\t\t\t\t<\/div>\n\t\t\t\t\t\t<\/div>\n\t\t\t\t<\/div>\n\t\t\t\t\t<\/div>\n\t\t\t\t<\/div>\n\t\t<div class=\"elementor-element elementor-element-cca30f7 e-flex e-con-boxed e-con e-parent\" data-id=\"cca30f7\" data-element_type=\"container\" data-e-type=\"container\">\n\t\t\t\t\t<div class=\"e-con-inner\">\n\t\t\t\t<div class=\"elementor-element elementor-element-3931dcb elementor-widget elementor-widget-text-editor\" data-id=\"3931dcb\" data-element_type=\"widget\" data-e-type=\"widget\" data-widget_type=\"text-editor.default\">\n\t\t\t\t<div class=\"elementor-widget-container\">\n\t\t\t\t\t\t\t\t\t<div class=\"blog__details__title\"><p>Le d\u00e9veloppement rapide de la technologie permet l&rsquo;\u00e9mergence de nombreux nouveaux mat\u00e9riaux et de nouvelles indications. Malgr\u00e9 tous ces d\u00e9veloppements, aucun mat\u00e9riau n&rsquo;a atteint le niveau d&rsquo;esth\u00e9tique et de fonction des proth\u00e8ses rev\u00eatues de porcelaine. Les proth\u00e8ses rev\u00eatues de porcelaine, qui sont produites selon un processus \u00e0 forte intensit\u00e9 de main-d&rsquo;\u0153uvre, parviennent \u00e0 conserver leur place gr\u00e2ce \u00e0 leurs caract\u00e9ristiques esth\u00e9tiques indispensables \u00e0 une \u00e9poque o\u00f9 la part de la technologie dans la production augmente de jour en jour.<\/p><p>Dans les applications de porcelaine de qualit\u00e9, la part des techniciens dentaires qui ont travaill\u00e9 sur d&rsquo;innombrables cas pendant de nombreuses ann\u00e9es, s&rsquo;am\u00e9liorant petit \u00e0 petit et acqu\u00e9rant de l&rsquo;exp\u00e9rience, ne peut \u00eatre ignor\u00e9e. MBdentaire produit des proth\u00e8ses qui atteignent l&rsquo;esth\u00e9tique la plus \u00e9lev\u00e9e sans perdre leur fonction gr\u00e2ce \u00e0 ses techniciens exp\u00e9riment\u00e9s qui ma\u00eetrisent chaque \u00e9tape du processus et peuvent r\u00e9pondre pleinement \u00e0 toutes les attentes des clients.<\/p><\/div>\t\t\t\t\t\t\t\t<\/div>\n\t\t\t\t<\/div>\n\t\t\t\t\t<\/div>\n\t\t\t\t<\/div>\n\t\t<div class=\"elementor-element elementor-element-c46fb45 e-flex e-con-boxed e-con e-parent\" data-id=\"c46fb45\" data-element_type=\"container\" data-e-type=\"container\">\n\t\t\t\t\t<div class=\"e-con-inner\">\n\t\t<div class=\"elementor-element elementor-element-d9c1119 e-con-full e-flex e-con e-child\" data-id=\"d9c1119\" data-element_type=\"container\" data-e-type=\"container\">\n\t\t\t\t<div class=\"elementor-element elementor-element-4a40f2a elementor-widget elementor-widget-ld_fancy_image\" data-id=\"4a40f2a\" data-element_type=\"widget\" data-e-type=\"widget\" data-widget_type=\"ld_fancy_image.default\">\n\t\t\t\t<div class=\"elementor-widget-container\">\n\t\t\t\t\t\n\t\t<div class=\"lqd-imggrp-single d-block pos-rel \" data-shadow-style=\"1\" data-inview=\"true\" data-animate-shadow=\"true\">\n\t\t\t<div class=\"lqd-imggrp-img-container d-inline-flex pos-rel align-items-center justify-content-center \">\n\t\t\t\t\t\t\t\t<figure class=\"w-100 pos-rel\">\n\t\t\t\t\t<img fetchpriority=\"high\" decoding=\"async\" width=\"330\" height=\"420\" src=\"https:\/\/mbdentaire.com\/wp-content\/uploads\/2024\/07\/bi-1.jpg\" class=\"attachment-full size-full wp-image-7803\" alt=\"\" srcset=\"https:\/\/mbdentaire.com\/wp-content\/uploads\/2024\/07\/bi-1.jpg 330w, https:\/\/mbdentaire.com\/wp-content\/uploads\/2024\/07\/bi-1-236x300.jpg 236w\" sizes=\"(max-width: 330px) 100vw, 330px\" \/>\t\t\t\t\t\t\t\t\t\t\t\t\t\t\t\t\t\t\t\t\t\t\t\t\t<a href=\"https:\/\/mbdentaire.com\/wp-content\/uploads\/2024\/07\/bi-1.jpg\" class=\"lqd-overlay lqd-fi-overlay-link lqd-cc-label-trigger fresco\" data-fresco-group=\"\"><\/a>\t\t\t\t<\/figure>\n\t\t\t<\/div>\n\t\t<\/div>\n\n\t\t\t\t\t<\/div>\n\t\t\t\t<\/div>\n\t\t\t\t<\/div>\n\t\t<div class=\"elementor-element elementor-element-eb58b8f e-con-full e-flex e-con e-child\" data-id=\"eb58b8f\" data-element_type=\"container\" data-e-type=\"container\">\n\t\t\t\t<div class=\"elementor-element elementor-element-83953c4 elementor-widget elementor-widget-ld_fancy_image\" data-id=\"83953c4\" data-element_type=\"widget\" data-e-type=\"widget\" data-widget_type=\"ld_fancy_image.default\">\n\t\t\t\t<div class=\"elementor-widget-container\">\n\t\t\t\t\t\n\t\t<div class=\"lqd-imggrp-single d-block pos-rel \" data-shadow-style=\"1\" data-inview=\"true\" data-animate-shadow=\"true\">\n\t\t\t<div class=\"lqd-imggrp-img-container d-inline-flex pos-rel align-items-center justify-content-center \">\n\t\t\t\t\t\t\t\t<figure class=\"w-100 pos-rel\">\n\t\t\t\t\t<img decoding=\"async\" width=\"330\" height=\"420\" src=\"https:\/\/mbdentaire.com\/wp-content\/uploads\/2024\/07\/bi-2.jpg\" class=\"attachment-full size-full wp-image-7804\" alt=\"\" srcset=\"https:\/\/mbdentaire.com\/wp-content\/uploads\/2024\/07\/bi-2.jpg 330w, https:\/\/mbdentaire.com\/wp-content\/uploads\/2024\/07\/bi-2-236x300.jpg 236w\" sizes=\"(max-width: 330px) 100vw, 330px\" \/>\t\t\t\t\t\t\t\t\t\t\t\t\t\t\t\t\t\t\t\t\t\t\t\t\t<a href=\"https:\/\/mbdentaire.com\/wp-content\/uploads\/2024\/07\/bi-2.jpg\" class=\"lqd-overlay lqd-fi-overlay-link lqd-cc-label-trigger fresco\" data-fresco-group=\"\"><\/a>\t\t\t\t<\/figure>\n\t\t\t<\/div>\n\t\t<\/div>\n\n\t\t\t\t\t<\/div>\n\t\t\t\t<\/div>\n\t\t\t\t<\/div>\n\t\t<div class=\"elementor-element elementor-element-d953df6 e-con-full e-flex e-con e-child\" data-id=\"d953df6\" data-element_type=\"container\" data-e-type=\"container\">\n\t\t\t\t<div class=\"elementor-element elementor-element-69d7206 elementor-widget elementor-widget-ld_fancy_image\" data-id=\"69d7206\" data-element_type=\"widget\" data-e-type=\"widget\" data-widget_type=\"ld_fancy_image.default\">\n\t\t\t\t<div class=\"elementor-widget-container\">\n\t\t\t\t\t\n\t\t<div class=\"lqd-imggrp-single d-block pos-rel \" data-shadow-style=\"1\" data-inview=\"true\" data-animate-shadow=\"true\">\n\t\t\t<div class=\"lqd-imggrp-img-container d-inline-flex pos-rel align-items-center justify-content-center \">\n\t\t\t\t\t\t\t\t<figure class=\"w-100 pos-rel\">\n\t\t\t\t\t<img decoding=\"async\" width=\"330\" height=\"420\" src=\"https:\/\/mbdentaire.com\/wp-content\/uploads\/2024\/07\/bi-3.jpg\" class=\"attachment-full size-full wp-image-7805\" alt=\"\" srcset=\"https:\/\/mbdentaire.com\/wp-content\/uploads\/2024\/07\/bi-3.jpg 330w, https:\/\/mbdentaire.com\/wp-content\/uploads\/2024\/07\/bi-3-236x300.jpg 236w\" sizes=\"(max-width: 330px) 100vw, 330px\" \/>\t\t\t\t\t\t\t\t\t\t\t\t\t\t\t\t\t\t\t\t\t\t\t\t\t<a href=\"https:\/\/mbdentaire.com\/wp-content\/uploads\/2024\/07\/bi-3.jpg\" class=\"lqd-overlay lqd-fi-overlay-link lqd-cc-label-trigger fresco\" data-fresco-group=\"\"><\/a>\t\t\t\t<\/figure>\n\t\t\t<\/div>\n\t\t<\/div>\n\n\t\t\t\t\t<\/div>\n\t\t\t\t<\/div>\n\t\t\t\t<\/div>\n\t\t\t\t\t<\/div>\n\t\t\t\t<\/div>\n\t\t\t\t<\/div>\n\t\t","protected":false},"excerpt":{"rendered":"<p>porcelaine LA RENCONTRE DU TALENT ET DE L&rsquo;EXP\u00c9RIENCE https:\/\/mbdentaire.com\/wp-content\/uploads\/2024\/07\/porselan.mp4 Le d\u00e9veloppement rapide de la technologie permet l&rsquo;\u00e9mergence de nombreux nouveaux mat\u00e9riaux et de nouvelles indications. Malgr\u00e9 tous ces d\u00e9veloppements, aucun mat\u00e9riau n&rsquo;a atteint le niveau d&rsquo;esth\u00e9tique et de fonction des proth\u00e8ses rev\u00eatues de porcelaine. Les proth\u00e8ses rev\u00eatues de porcelaine, qui sont produites selon un processus [&hellip;]<\/p>\n","protected":false},"author":1,"featured_media":0,"parent":0,"menu_order":0,"comment_status":"closed","ping_status":"closed","template":"","meta":{"footnotes":""},"class_list":["post-9532","page","type-page","status-publish","hentry"],"_links":{"self":[{"href":"https:\/\/mbdentaire.com\/fr\/wp-json\/wp\/v2\/pages\/9532","targetHints":{"allow":["GET"]}}],"collection":[{"href":"https:\/\/mbdentaire.com\/fr\/wp-json\/wp\/v2\/pages"}],"about":[{"href":"https:\/\/mbdentaire.com\/fr\/wp-json\/wp\/v2\/types\/page"}],"author":[{"embeddable":true,"href":"https:\/\/mbdentaire.com\/fr\/wp-json\/wp\/v2\/users\/1"}],"replies":[{"embeddable":true,"href":"https:\/\/mbdentaire.com\/fr\/wp-json\/wp\/v2\/comments?post=9532"}],"version-history":[{"count":4,"href":"https:\/\/mbdentaire.com\/fr\/wp-json\/wp\/v2\/pages\/9532\/revisions"}],"predecessor-version":[{"id":9536,"href":"https:\/\/mbdentaire.com\/fr\/wp-json\/wp\/v2\/pages\/9532\/revisions\/9536"}],"wp:attachment":[{"href":"https:\/\/mbdentaire.com\/fr\/wp-json\/wp\/v2\/media?parent=9532"}],"curies":[{"name":"wp","href":"https:\/\/api.w.org\/{rel}","templated":true}]}}