{"id":9522,"date":"2024-05-01T06:43:27","date_gmt":"2024-05-01T03:43:27","guid":{"rendered":"https:\/\/mbdentaire.com\/malzemelerekipmanlar\/"},"modified":"2024-09-18T01:00:02","modified_gmt":"2024-09-17T22:00:02","slug":"materiel-et-equipement","status":"publish","type":"page","link":"https:\/\/mbdentaire.com\/fr\/materiel-et-equipement\/","title":{"rendered":"Mat\u00e9riel et \u00e9quipement"},"content":{"rendered":"\t\t<div data-elementor-type=\"wp-page\" data-elementor-id=\"9522\" class=\"elementor elementor-9522 elementor-6211\">\n\t\t\t\t<div data-custom-animations=\"true\" data-ca-options=\"{&quot;addChildTimelines&quot;:false,&quot;trigger&quot;:&quot;firstChild&quot;,&quot;animationTarget&quot;:&quot;:scope  &gt; .elementor-element:not(.lqd-exclude-parent-ca) &gt; .elementor-widget-container, :scope  &gt; .elementor-widget-hub_fancy_heading .lqd-split-lines .lqd-lines .split-inner, :scope  &gt; .elementor-widget-hub_fancy_heading .lqd-split-words .lqd-words .split-inner, :scope  &gt; .elementor-widget-hub_fancy_heading .lqd-split-chars .lqd-chars .split-inner, :scope  &gt; .elementor-widget-hub_fancy_heading .lqd-adv-txt-fig, :scope  &gt; .elementor-widget-ld_custom_menu .lqd-fancy-menu &gt; ul &gt; li, :scope .e-con:not([data-parallax]) .elementor-element &gt; .elementor-widget-container, :scope .e-con:not([data-parallax]) .elementor-widget-hub_fancy_heading .lqd-split-lines .lqd-lines .split-inner, :scope .e-con:not([data-parallax]) .elementor-widget-hub_fancy_heading .lqd-split-words .lqd-words .split-inner, :scope .e-con:not([data-parallax]) .elementor-widget-hub_fancy_heading .lqd-split-chars .lqd-chars .split-inner, :scope .e-con:not([data-parallax]) .elementor-widget-ld_custom_menu .lqd-fancy-menu &gt; ul &gt; li&quot;,&quot;duration&quot;:1000,&quot;delay&quot;:50,&quot;ease&quot;:[&quot;power4.out&quot;],&quot;initValues&quot;:{&quot;y&quot;:&quot;30px&quot;,&quot;opacity&quot;:0,&quot;transformOrigin&quot;:&quot;50% 50% 0px&quot;},&quot;animations&quot;:{&quot;y&quot;:&quot;0px&quot;,&quot;opacity&quot;:1,&quot;transformOrigin&quot;:&quot;50% 50% 0px&quot;}}\" class=\"elementor-element elementor-element-6a8e39b e-con-full e-flex e-con e-parent\" data-id=\"6a8e39b\" data-element_type=\"container\" data-e-type=\"container\" id=\"banner\">\n\t\t<div class=\"elementor-element elementor-element-ad48eb6 e-con-full e-flex e-con e-child\" data-id=\"ad48eb6\" data-element_type=\"container\" data-e-type=\"container\">\n\t\t<div class=\"elementor-element elementor-element-f67ad98 e-con-full e-transform e-flex e-con e-child\" data-id=\"f67ad98\" data-element_type=\"container\" data-e-type=\"container\" data-settings=\"{&quot;_transform_translateY_effect_hover&quot;:{&quot;unit&quot;:&quot;px&quot;,&quot;size&quot;:-10,&quot;sizes&quot;:[]},&quot;_transform_translateX_effect_hover&quot;:{&quot;unit&quot;:&quot;px&quot;,&quot;size&quot;:&quot;&quot;,&quot;sizes&quot;:[]},&quot;_transform_translateX_effect_hover_tablet&quot;:{&quot;unit&quot;:&quot;px&quot;,&quot;size&quot;:&quot;&quot;,&quot;sizes&quot;:[]},&quot;_transform_translateX_effect_hover_mobile&quot;:{&quot;unit&quot;:&quot;px&quot;,&quot;size&quot;:&quot;&quot;,&quot;sizes&quot;:[]},&quot;_transform_translateY_effect_hover_tablet&quot;:{&quot;unit&quot;:&quot;px&quot;,&quot;size&quot;:&quot;&quot;,&quot;sizes&quot;:[]},&quot;_transform_translateY_effect_hover_mobile&quot;:{&quot;unit&quot;:&quot;px&quot;,&quot;size&quot;:&quot;&quot;,&quot;sizes&quot;:[]}}\">\n\t\t\t\t<div class=\"elementor-element elementor-element-8786dbc elementor-widget elementor-widget-ld_button\" data-id=\"8786dbc\" data-element_type=\"widget\" data-e-type=\"widget\" data-widget_type=\"ld_button.default\">\n\t\t\t\t<div class=\"elementor-widget-container\">\n\t\t\t\t\t\n\t\t\t<a\n\t\t\t\thref=\"#\"class=\"elementor-button btn btn-naked fresco btn-icon-right btn-icon-circle btn-icon-custom-size btn-icon-shaped btn-icon-solid btn-no-label\"\t\t\t>\n\t\t\t\t\t\t\t\t\t\t\t\t\t\t<span class=\"btn-icon\">\n\t\t\t\t\t\t\t<i aria-hidden=\"true\" class=\"lqd-icn-ess icon-ion-ios-play\"><\/i>\t\t\t\t\t\t<\/span>\n\t\t\t\t\t\t\t\t\t<\/a>\n\t\t\t\t\t\t\t<\/div>\n\t\t\t\t<\/div>\n\t\t\t\t<div class=\"elementor-element elementor-element-1ffeb5f elementor-widget elementor-widget-ld_button\" data-id=\"1ffeb5f\" data-element_type=\"widget\" data-e-type=\"widget\" data-widget_type=\"ld_button.default\">\n\t\t\t\t<div class=\"elementor-widget-container\">\n\t\t\t\t\t\n\t\t\t<a\n\t\t\t\tclass=\"elementor-button btn btn-solid btn-sm btn-icon-left btn-has-label\" data-localscroll=\"1\" href=\"http:\/\/gallery\"\t\t\t>\n\t\t\t\t\t\t\t\t\t<span data-text=\"Show all photos\" class=\"btn-txt\">\n\t\t\t\t\t\tShow all photos\t\t\t\t\t<\/span>\n\t\t\t\t\t\t\t\t\t\t\t\t\t\t<span class=\"btn-icon\">\n\t\t\t\t\t\t\t<svg xmlns=\"http:\/\/www.w3.org\/2000\/svg\" width=\"12\" height=\"13\" viewBox=\"0 0 12 13\" fill=\"none\"><path d=\"M3.5 0.5H2C1.46957 0.5 0.960859 0.710714 0.585787 1.08579C0.210714 1.46086 1.78814e-07 1.96957 1.78814e-07 2.5V4C1.78814e-07 4.53043 0.210714 5.03914 0.585787 5.41421C0.960859 5.78929 1.46957 6 2 6H3.5C4.03043 6 4.53914 5.78929 4.91421 5.41421C5.28929 5.03914 5.5 4.53043 5.5 4V2.5C5.5 1.96957 5.28929 1.46086 4.91421 1.08579C4.53914 0.710714 4.03043 0.5 3.5 0.5ZM4.5 4C4.5 4.26522 4.39464 4.51957 4.20711 4.70711C4.01957 4.89464 3.76522 5 3.5 5H2C1.73478 5 1.48043 4.89464 1.29289 4.70711C1.10536 4.51957 1 4.26522 1 4V2.5C1 2.23478 1.10536 1.98043 1.29289 1.79289C1.48043 1.60536 1.73478 1.5 2 1.5H3.5C3.76522 1.5 4.01957 1.60536 4.20711 1.79289C4.39464 1.98043 4.5 2.23478 4.5 2.5V4Z\" fill=\"white\"><\/path><path d=\"M10 0.5H8.5C7.96957 0.5 7.46086 0.710714 7.08579 1.08579C6.71071 1.46086 6.5 1.96957 6.5 2.5V4C6.5 4.53043 6.71071 5.03914 7.08579 5.41421C7.46086 5.78929 7.96957 6 8.5 6H10C10.5304 6 11.0391 5.78929 11.4142 5.41421C11.7893 5.03914 12 4.53043 12 4V2.5C12 1.96957 11.7893 1.46086 11.4142 1.08579C11.0391 0.710714 10.5304 0.5 10 0.5ZM11 4C11 4.26522 10.8946 4.51957 10.7071 4.70711C10.5196 4.89464 10.2652 5 10 5H8.5C8.23478 5 7.98043 4.89464 7.79289 4.70711C7.60536 4.51957 7.5 4.26522 7.5 4V2.5C7.5 2.23478 7.60536 1.98043 7.79289 1.79289C7.98043 1.60536 8.23478 1.5 8.5 1.5H10C10.2652 1.5 10.5196 1.60536 10.7071 1.79289C10.8946 1.98043 11 2.23478 11 2.5V4Z\" fill=\"white\"><\/path><path d=\"M3.5 7H2C1.46957 7 0.960859 7.21071 0.585786 7.58579C0.210714 7.96086 0 8.46957 0 9V10.5C0 11.0304 0.210714 11.5391 0.585786 11.9142C0.960859 12.2893 1.46957 12.5 2 12.5H3.5C4.03043 12.5 4.53914 12.2893 4.91421 11.9142C5.28929 11.5391 5.5 11.0304 5.5 10.5V9C5.5 8.46957 5.28929 7.96086 4.91421 7.58579C4.53914 7.21071 4.03043 7 3.5 7ZM4.5 10.5C4.5 10.7652 4.39464 11.0196 4.20711 11.2071C4.01957 11.3946 3.76522 11.5 3.5 11.5H2C1.73478 11.5 1.48043 11.3946 1.29289 11.2071C1.10536 11.0196 1 10.7652 1 10.5V9C1 8.73478 1.10536 8.48043 1.29289 8.29289C1.48043 8.10536 1.73478 8 2 8H3.5C3.76522 8 4.01957 8.10536 4.20711 8.29289C4.39464 8.48043 4.5 8.73478 4.5 9V10.5Z\" fill=\"white\"><\/path><path d=\"M10 7H8.5C7.96957 7 7.46086 7.21071 7.08579 7.58579C6.71071 7.96086 6.5 8.46957 6.5 9V10.5C6.5 11.0304 6.71071 11.5391 7.08579 11.9142C7.46086 12.2893 7.96957 12.5 8.5 12.5H10C10.5304 12.5 11.0391 12.2893 11.4142 11.9142C11.7893 11.5391 12 11.0304 12 10.5V9C12 8.46957 11.7893 7.96086 11.4142 7.58579C11.0391 7.21071 10.5304 7 10 7ZM11 10.5C11 10.7652 10.8946 11.0196 10.7071 11.2071C10.5196 11.3946 10.2652 11.5 10 11.5H8.5C8.23478 11.5 7.98043 11.3946 7.79289 11.2071C7.60536 11.0196 7.5 10.7652 7.5 10.5V9C7.5 8.73478 7.60536 8.48043 7.79289 8.29289C7.98043 8.10536 8.23478 8 8.5 8H10C10.2652 8 10.5196 8.10536 10.7071 8.29289C10.8946 8.48043 11 8.73478 11 9V10.5Z\" fill=\"white\"><\/path><\/svg>\t\t\t\t\t\t<\/span>\n\t\t\t\t\t\t\t\t\t<\/a>\n\t\t\t\t\t\t\t<\/div>\n\t\t\t\t<\/div>\n\t\t\t\t<\/div>\n\t\t\t\t<\/div>\n\t\t\t\t<\/div>\n\t\t<div class=\"elementor-element elementor-element-3e944e9 e-flex e-con-boxed e-con e-parent\" data-id=\"3e944e9\" data-element_type=\"container\" data-e-type=\"container\" data-settings=\"{&quot;background_background&quot;:&quot;classic&quot;}\">\n\t\t\t\t\t<div class=\"e-con-inner\">\n\t\t<div class=\"elementor-element elementor-element-1ee70f5 e-con-full e-flex e-con e-child\" data-id=\"1ee70f5\" data-element_type=\"container\" data-e-type=\"container\">\n\t\t\t\t<div data-custom-animations=\"true\" data-ca-options=\"{&quot;addChildTimelines&quot;:false,&quot;trigger&quot;:&quot;firstChild&quot;,&quot;animationTarget&quot;:&quot;.lqd-split-words .lqd-words .split-inner, .lqd-adv-txt-fig&quot;,&quot;duration&quot;:600,&quot;startDelay&quot;:200,&quot;delay&quot;:60,&quot;ease&quot;:[&quot;power4.out&quot;],&quot;initValues&quot;:{&quot;y&quot;:&quot;30px&quot;,&quot;opacity&quot;:0,&quot;transformOrigin&quot;:&quot;50% 50% 0px&quot;},&quot;animations&quot;:{&quot;y&quot;:&quot;0px&quot;,&quot;opacity&quot;:1,&quot;transformOrigin&quot;:&quot;50% 50% 0px&quot;}}\" class=\"elementor-element elementor-element-4e458cd elementor-widget elementor-widget-hub_fancy_heading lqd-el-has-inner-anim\" data-id=\"4e458cd\" data-element_type=\"widget\" data-e-type=\"widget\" data-settings=\"{&quot;enable_split&quot;:&quot;true&quot;,&quot;split_type&quot;:&quot;words&quot;}\" data-widget_type=\"hub_fancy_heading.default\">\n\t\t\t\t<div class=\"elementor-widget-container\">\n\t\t\t\t\t\n\t\t<div id=\"ld-fancy-heading-69e0edf671a05\" class=\"ld-fancy-heading pos-rel\">\n\t\t\t<h1 class=\"ld-fh-element d-inline-block pos-rel  elementor-heading-title lqd-highlight-classic lqd-highlight-grow-left lqd-split-words h1\"  data-split-text=\"true\" data-split-options='{\"type\":\"words\"}'> Mat\u00e9riel et \u00e9quipement<\/h1>\t\t<\/div>\n\n\t\t\t\t\t\t<\/div>\n\t\t\t\t<\/div>\n\t\t\t\t<\/div>\n\t\t\t\t\t<\/div>\n\t\t\t\t<\/div>\n\t\t<div class=\"elementor-element elementor-element-e396283 e-flex e-con-boxed e-con e-parent\" data-id=\"e396283\" data-element_type=\"container\" data-e-type=\"container\">\n\t\t\t\t\t<div class=\"e-con-inner\">\n\t\t\t\t<div class=\"elementor-element elementor-element-27dafff elementor-widget elementor-widget-hub_fancy_heading\" data-id=\"27dafff\" data-element_type=\"widget\" data-e-type=\"widget\" data-widget_type=\"hub_fancy_heading.default\">\n\t\t\t\t<div class=\"elementor-widget-container\">\n\t\t\t\t\t\n\t\t<div id=\"ld-fancy-heading-69e0edf672842\" class=\"ld-fancy-heading pos-rel\">\n\t\t\t<p class=\"ld-fh-element d-inline-block pos-rel  lqd-highlight-classic lqd-highlight-grow-left p\"  > MBdentaire utilise des mat\u00e9riaux certifi\u00e9s CE provenant de fournisseurs de mat\u00e9riaux dentaires de renomm\u00e9e mondiale dans tous ses produits. Ces mat\u00e9riaux sont trait\u00e9s sur des \u00e9quipements fournis par des fournisseurs de renomm\u00e9e mondiale. Pour MBdentaire, des mat\u00e9riaux de qualit\u00e9 et le bon \u00e9quipement sont la premi\u00e8re \u00e9tape vers un produit de qualit\u00e9.<br>\n\nMBdentaire vise \u00e0 offrir la plus haute qualit\u00e9 \u00e0 ses clients en utilisant des produits certifi\u00e9s CE achet\u00e9s aupr\u00e8s de fournisseurs r\u00e9put\u00e9s du monde entier en mat\u00e9riaux dentaires. Ces mat\u00e9riaux sont achet\u00e9s aupr\u00e8s de fournisseurs fiables et \u00e9prouv\u00e9s dans le monde entier et trait\u00e9s sur des \u00e9quipements de haute technologie. Pour MBdentaire, l'utilisation de mat\u00e9riaux de qualit\u00e9 et d'\u00e9quipements ad\u00e9quats est la premi\u00e8re \u00e9tape indispensable \u00e0 la fabrication de produits de qualit\u00e9 sup\u00e9rieure.<br><\/p>\t\t<\/div>\n\n\t\t\t\t\t\t<\/div>\n\t\t\t\t<\/div>\n\t\t\t\t\t<\/div>\n\t\t\t\t<\/div>\n\t\t\t\t<\/div>\n\t\t","protected":false},"excerpt":{"rendered":"<p>Show all photos Mat\u00e9riel et \u00e9quipement MBdentaire utilise des mat\u00e9riaux certifi\u00e9s CE provenant de fournisseurs de mat\u00e9riaux dentaires de renomm\u00e9e mondiale dans tous ses produits. Ces mat\u00e9riaux sont trait\u00e9s sur des \u00e9quipements fournis par des fournisseurs de renomm\u00e9e mondiale. Pour MBdentaire, des mat\u00e9riaux de qualit\u00e9 et le bon \u00e9quipement sont la premi\u00e8re \u00e9tape vers un [&hellip;]<\/p>\n","protected":false},"author":1,"featured_media":0,"parent":0,"menu_order":0,"comment_status":"closed","ping_status":"closed","template":"","meta":{"footnotes":""},"class_list":["post-9522","page","type-page","status-publish","hentry"],"_links":{"self":[{"href":"https:\/\/mbdentaire.com\/fr\/wp-json\/wp\/v2\/pages\/9522","targetHints":{"allow":["GET"]}}],"collection":[{"href":"https:\/\/mbdentaire.com\/fr\/wp-json\/wp\/v2\/pages"}],"about":[{"href":"https:\/\/mbdentaire.com\/fr\/wp-json\/wp\/v2\/types\/page"}],"author":[{"embeddable":true,"href":"https:\/\/mbdentaire.com\/fr\/wp-json\/wp\/v2\/users\/1"}],"replies":[{"embeddable":true,"href":"https:\/\/mbdentaire.com\/fr\/wp-json\/wp\/v2\/comments?post=9522"}],"version-history":[{"count":4,"href":"https:\/\/mbdentaire.com\/fr\/wp-json\/wp\/v2\/pages\/9522\/revisions"}],"predecessor-version":[{"id":9526,"href":"https:\/\/mbdentaire.com\/fr\/wp-json\/wp\/v2\/pages\/9522\/revisions\/9526"}],"wp:attachment":[{"href":"https:\/\/mbdentaire.com\/fr\/wp-json\/wp\/v2\/media?parent=9522"}],"curies":[{"name":"wp","href":"https:\/\/api.w.org\/{rel}","templated":true}]}}