{"id":9517,"date":"2024-07-21T15:40:39","date_gmt":"2024-07-21T12:40:39","guid":{"rendered":"https:\/\/mbdentaire.com\/kalite-yonetim-sistemleri\/"},"modified":"2024-09-18T00:58:18","modified_gmt":"2024-09-17T21:58:18","slug":"systemes-de-gestion-de-la-qualite","status":"publish","type":"page","link":"https:\/\/mbdentaire.com\/fr\/systemes-de-gestion-de-la-qualite\/","title":{"rendered":"Syst\u00e8mes de gestion de la qualit\u00e9"},"content":{"rendered":"\t\t<div data-elementor-type=\"wp-page\" data-elementor-id=\"9517\" class=\"elementor elementor-9517 elementor-7235\">\n\t\t\t\t<div class=\"elementor-element elementor-element-76bff5f e-flex e-con-boxed e-con e-parent\" data-id=\"76bff5f\" data-element_type=\"container\" data-e-type=\"container\" data-settings=\"{&quot;background_background&quot;:&quot;classic&quot;}\">\n\t\t\t\t\t<div class=\"e-con-inner\">\n\t\t<div class=\"elementor-element elementor-element-002e94b e-con-full e-flex e-con e-child\" data-id=\"002e94b\" data-element_type=\"container\" data-e-type=\"container\">\n\t\t\t\t<div data-custom-animations=\"true\" data-ca-options=\"{&quot;addChildTimelines&quot;:false,&quot;trigger&quot;:&quot;firstChild&quot;,&quot;animationTarget&quot;:&quot;.lqd-split-words .lqd-words .split-inner, .lqd-adv-txt-fig&quot;,&quot;duration&quot;:600,&quot;startDelay&quot;:200,&quot;delay&quot;:60,&quot;ease&quot;:[&quot;power4.out&quot;],&quot;initValues&quot;:{&quot;y&quot;:&quot;30px&quot;,&quot;opacity&quot;:0,&quot;transformOrigin&quot;:&quot;50% 50% 0px&quot;},&quot;animations&quot;:{&quot;y&quot;:&quot;0px&quot;,&quot;opacity&quot;:1,&quot;transformOrigin&quot;:&quot;50% 50% 0px&quot;}}\" class=\"elementor-element elementor-element-83e8e5e elementor-widget elementor-widget-hub_fancy_heading lqd-el-has-inner-anim\" data-id=\"83e8e5e\" data-element_type=\"widget\" data-e-type=\"widget\" data-settings=\"{&quot;enable_split&quot;:&quot;true&quot;,&quot;split_type&quot;:&quot;words&quot;}\" data-widget_type=\"hub_fancy_heading.default\">\n\t\t\t\t<div class=\"elementor-widget-container\">\n\t\t\t\t\t\n\t\t<div id=\"ld-fancy-heading-69e0f10e082af\" class=\"ld-fancy-heading pos-rel\">\n\t\t\t<h1 class=\"ld-fh-element d-inline-block pos-rel  elementor-heading-title lqd-highlight-classic lqd-highlight-grow-left lqd-split-words h1\"  data-split-text=\"true\" data-split-options='{\"type\":\"words\"}'> syst\u00e8mes de gestion de la qualit\u00e9<\/h1>\t\t<\/div>\n\n\t\t\t\t\t\t<\/div>\n\t\t\t\t<\/div>\n\t\t\t\t<\/div>\n\t\t\t\t\t<\/div>\n\t\t\t\t<\/div>\n\t\t<div class=\"elementor-element elementor-element-e7f3750 e-flex e-con-boxed e-con e-parent\" data-id=\"e7f3750\" data-element_type=\"container\" data-e-type=\"container\">\n\t\t\t\t\t<div class=\"e-con-inner\">\n\t\t<div class=\"elementor-element elementor-element-542bb42 e-con-full e-flex elementor-invisible e-con e-child\" data-id=\"542bb42\" data-element_type=\"container\" data-e-type=\"container\" data-settings=\"{&quot;animation&quot;:&quot;fadeInUp&quot;}\">\n\t\t\t\t<div class=\"elementor-element elementor-element-16820f1 elementor-widget elementor-widget-ld_fancy_image\" data-id=\"16820f1\" data-element_type=\"widget\" data-e-type=\"widget\" data-widget_type=\"ld_fancy_image.default\">\n\t\t\t\t<div class=\"elementor-widget-container\">\n\t\t\t\t\t\n\t\t<div class=\"lqd-imggrp-single d-block pos-rel \">\n\t\t\t<div class=\"lqd-imggrp-img-container d-inline-flex pos-rel align-items-center justify-content-center \">\n\t\t\t\t\t\t\t\t<figure class=\"w-100 pos-rel\">\n\t\t\t\t\t<img fetchpriority=\"high\" decoding=\"async\" width=\"700\" height=\"467\" src=\"https:\/\/mbdentaire.com\/wp-content\/uploads\/2024\/07\/iso-9001-png.png\" class=\"attachment-full size-full wp-image-7459\" alt=\"\" srcset=\"https:\/\/mbdentaire.com\/wp-content\/uploads\/2024\/07\/iso-9001-png.png 700w, https:\/\/mbdentaire.com\/wp-content\/uploads\/2024\/07\/iso-9001-png-300x200.png 300w\" sizes=\"(max-width: 700px) 100vw, 700px\" \/>\t\t\t\t\t\t\t\t\t\t\t\t\t\t\t\t\t\t\t\t\t\t\t\t\t\t\t\t\t<\/figure>\n\t\t\t<\/div>\n\t\t<\/div>\n\n\t\t\t\t\t<\/div>\n\t\t\t\t<\/div>\n\t\t\t\t<\/div>\n\t\t<div class=\"elementor-element elementor-element-878aacb e-con-full e-flex elementor-invisible e-con e-child\" data-id=\"878aacb\" data-element_type=\"container\" data-e-type=\"container\" data-settings=\"{&quot;animation&quot;:&quot;fadeInUp&quot;}\">\n\t\t\t\t<div class=\"elementor-element elementor-element-748c2e3 elementor-widget elementor-widget-ld_fancy_image\" data-id=\"748c2e3\" data-element_type=\"widget\" data-e-type=\"widget\" data-widget_type=\"ld_fancy_image.default\">\n\t\t\t\t<div class=\"elementor-widget-container\">\n\t\t\t\t\t\n\t\t<div class=\"lqd-imggrp-single d-block pos-rel \">\n\t\t\t<div class=\"lqd-imggrp-img-container d-inline-flex pos-rel align-items-center justify-content-center \">\n\t\t\t\t\t\t\t\t<figure class=\"w-100 pos-rel\">\n\t\t\t\t\t<img decoding=\"async\" width=\"393\" height=\"272\" src=\"https:\/\/mbdentaire.com\/wp-content\/uploads\/2024\/07\/medical.png\" class=\"attachment-full size-full wp-image-7460\" alt=\"\" srcset=\"https:\/\/mbdentaire.com\/wp-content\/uploads\/2024\/07\/medical.png 393w, https:\/\/mbdentaire.com\/wp-content\/uploads\/2024\/07\/medical-300x208.png 300w\" sizes=\"(max-width: 393px) 100vw, 393px\" \/>\t\t\t\t\t\t\t\t\t\t\t\t\t\t\t\t\t\t\t\t\t\t\t\t\t\t\t\t\t<\/figure>\n\t\t\t<\/div>\n\t\t<\/div>\n\n\t\t\t\t\t<\/div>\n\t\t\t\t<\/div>\n\t\t\t\t<\/div>\n\t\t<div class=\"elementor-element elementor-element-492f5af e-con-full e-flex elementor-invisible e-con e-child\" data-id=\"492f5af\" data-element_type=\"container\" data-e-type=\"container\" data-settings=\"{&quot;animation&quot;:&quot;fadeInRight&quot;}\">\n\t\t\t\t<div class=\"elementor-element elementor-element-cd9f4c1 elementor-widget elementor-widget-hub_fancy_heading\" data-id=\"cd9f4c1\" data-element_type=\"widget\" data-e-type=\"widget\" data-widget_type=\"hub_fancy_heading.default\">\n\t\t\t\t<div class=\"elementor-widget-container\">\n\t\t\t\t\t\n\t\t<div id=\"ld-fancy-heading-69e0f10e0c396\" class=\"ld-fancy-heading pos-rel\">\n\t\t\t<h3 class=\"ld-fh-element d-inline-block pos-rel  elementor-heading-title lqd-highlight-classic lqd-highlight-grow-left h3\"  > MBdtentaire met en \u0153uvre tous les processus commerciaux et de production conform\u00e9ment aux exigences du syst\u00e8me de gestion de la qualit\u00e9 ISO 9001:2015 et du syst\u00e8me de gestion de la qualit\u00e9 ISO 13485:2016 pour les dispositifs m\u00e9dicaux.<\/h3>\t\t<\/div>\n\n\t\t\t\t\t\t<\/div>\n\t\t\t\t<\/div>\n\t\t\t\t<\/div>\n\t\t\t\t\t<\/div>\n\t\t\t\t<\/div>\n\t\t\t\t<\/div>\n\t\t","protected":false},"excerpt":{"rendered":"<p>syst\u00e8mes de gestion de la qualit\u00e9 MBdtentaire met en \u0153uvre tous les processus commerciaux et de production conform\u00e9ment aux exigences du syst\u00e8me de gestion de la qualit\u00e9 ISO 9001:2015 et du syst\u00e8me de gestion de la qualit\u00e9 ISO 13485:2016 pour les dispositifs m\u00e9dicaux.<\/p>\n","protected":false},"author":1,"featured_media":0,"parent":0,"menu_order":0,"comment_status":"closed","ping_status":"closed","template":"","meta":{"footnotes":""},"class_list":["post-9517","page","type-page","status-publish","hentry"],"_links":{"self":[{"href":"https:\/\/mbdentaire.com\/fr\/wp-json\/wp\/v2\/pages\/9517","targetHints":{"allow":["GET"]}}],"collection":[{"href":"https:\/\/mbdentaire.com\/fr\/wp-json\/wp\/v2\/pages"}],"about":[{"href":"https:\/\/mbdentaire.com\/fr\/wp-json\/wp\/v2\/types\/page"}],"author":[{"embeddable":true,"href":"https:\/\/mbdentaire.com\/fr\/wp-json\/wp\/v2\/users\/1"}],"replies":[{"embeddable":true,"href":"https:\/\/mbdentaire.com\/fr\/wp-json\/wp\/v2\/comments?post=9517"}],"version-history":[{"count":4,"href":"https:\/\/mbdentaire.com\/fr\/wp-json\/wp\/v2\/pages\/9517\/revisions"}],"predecessor-version":[{"id":9521,"href":"https:\/\/mbdentaire.com\/fr\/wp-json\/wp\/v2\/pages\/9517\/revisions\/9521"}],"wp:attachment":[{"href":"https:\/\/mbdentaire.com\/fr\/wp-json\/wp\/v2\/media?parent=9517"}],"curies":[{"name":"wp","href":"https:\/\/api.w.org\/{rel}","templated":true}]}}