{"id":9507,"date":"2024-07-29T00:02:18","date_gmt":"2024-07-28T21:02:18","guid":{"rendered":"https:\/\/mbdentaire.com\/iskelet\/"},"modified":"2024-09-18T00:50:20","modified_gmt":"2024-09-17T21:50:20","slug":"stellites","status":"publish","type":"page","link":"https:\/\/mbdentaire.com\/fr\/stellites\/","title":{"rendered":"Stellites"},"content":{"rendered":"\t\t<div data-elementor-type=\"wp-page\" data-elementor-id=\"9507\" class=\"elementor elementor-9507 elementor-7793\">\n\t\t\t\t<div class=\"elementor-element elementor-element-76814bb6 e-flex e-con-boxed e-con e-parent\" data-id=\"76814bb6\" data-element_type=\"container\" data-e-type=\"container\" data-settings=\"{&quot;background_background&quot;:&quot;classic&quot;}\">\n\t\t\t\t\t<div class=\"e-con-inner\">\n\t\t<div class=\"elementor-element elementor-element-5bb21df e-con-full e-flex e-con e-child\" data-id=\"5bb21df\" data-element_type=\"container\" data-e-type=\"container\">\n\t\t\t\t<div data-custom-animations=\"true\" data-ca-options=\"{&quot;addChildTimelines&quot;:false,&quot;trigger&quot;:&quot;firstChild&quot;,&quot;animationTarget&quot;:&quot;.lqd-split-words .lqd-words .split-inner, .lqd-adv-txt-fig&quot;,&quot;duration&quot;:600,&quot;startDelay&quot;:200,&quot;delay&quot;:60,&quot;ease&quot;:[&quot;power4.out&quot;],&quot;initValues&quot;:{&quot;y&quot;:&quot;30px&quot;,&quot;opacity&quot;:0,&quot;transformOrigin&quot;:&quot;50% 50% 0px&quot;},&quot;animations&quot;:{&quot;y&quot;:&quot;0px&quot;,&quot;opacity&quot;:1,&quot;transformOrigin&quot;:&quot;50% 50% 0px&quot;}}\" class=\"elementor-element elementor-element-5e9f13df elementor-widget elementor-widget-hub_fancy_heading lqd-el-has-inner-anim\" data-id=\"5e9f13df\" data-element_type=\"widget\" data-e-type=\"widget\" data-settings=\"{&quot;enable_split&quot;:&quot;true&quot;,&quot;split_type&quot;:&quot;words&quot;}\" data-widget_type=\"hub_fancy_heading.default\">\n\t\t\t\t<div class=\"elementor-widget-container\">\n\t\t\t\t\t\n\t\t<div id=\"ld-fancy-heading-69e0f10e13e19\" class=\"ld-fancy-heading pos-rel\">\n\t\t\t<h1 class=\"ld-fh-element d-inline-block pos-rel  elementor-heading-title lqd-highlight-classic lqd-highlight-grow-left lqd-split-words h1\"  data-split-text=\"true\" data-split-options='{\"type\":\"words\"}'> stellites<\/h1>\t\t<\/div>\n\n\t\t\t\t\t\t<\/div>\n\t\t\t\t<\/div>\n\t\t\t\t<\/div>\n\t\t\t\t\t<\/div>\n\t\t\t\t<\/div>\n\t\t<div class=\"elementor-element elementor-element-53831f2b e-flex e-con-boxed e-con e-parent\" data-id=\"53831f2b\" data-element_type=\"container\" data-e-type=\"container\">\n\t\t\t\t\t<div class=\"e-con-inner\">\n\t\t\t\t<div class=\"elementor-element elementor-element-4d65dabb elementor-widget elementor-widget-hub_fancy_heading\" data-id=\"4d65dabb\" data-element_type=\"widget\" data-e-type=\"widget\" data-widget_type=\"hub_fancy_heading.default\">\n\t\t\t\t<div class=\"elementor-widget-container\">\n\t\t\t\t\t\n\t\t<div id=\"ld-fancy-heading-69e0f10e15d06\" class=\"ld-fancy-heading pos-rel\">\n\t\t\t<h2 class=\"ld-fh-element d-inline-block pos-rel  elementor-heading-title lqd-highlight-classic lqd-highlight-grow-left h2\"  > L'ANCIEN ET LE NOUVEAU ENSEMBLE<\/h2>\t\t<\/div>\n\n\t\t\t\t\t\t<\/div>\n\t\t\t\t<\/div>\n\t\t\t\t\t<\/div>\n\t\t\t\t<\/div>\n\t\t<div class=\"elementor-element elementor-element-583dcc47 e-flex e-con-boxed e-con e-parent\" data-id=\"583dcc47\" data-element_type=\"container\" data-e-type=\"container\">\n\t\t\t\t\t<div class=\"e-con-inner\">\n\t\t\t\t<div class=\"elementor-element elementor-element-2ef67ed0 elementor-widget elementor-widget-video\" data-id=\"2ef67ed0\" data-element_type=\"widget\" data-e-type=\"widget\" data-settings=\"{&quot;video_type&quot;:&quot;hosted&quot;,&quot;autoplay&quot;:&quot;yes&quot;,&quot;play_on_mobile&quot;:&quot;yes&quot;,&quot;mute&quot;:&quot;yes&quot;,&quot;loop&quot;:&quot;yes&quot;,&quot;controls&quot;:&quot;yes&quot;}\" data-widget_type=\"video.default\">\n\t\t\t\t<div class=\"elementor-widget-container\">\n\t\t\t\t\t\t\t<div class=\"e-hosted-video elementor-wrapper elementor-open-inline\">\n\t\t\t\t\t<video class=\"elementor-video\" src=\"https:\/\/mbdentaire.com\/wp-content\/uploads\/2024\/07\/fre1-2.mp4\" autoplay=\"\" loop=\"\" controls=\"\" muted=\"muted\" playsinline=\"\" controlsList=\"nodownload\"><\/video>\n\t\t\t\t<\/div>\n\t\t\t\t\t\t<\/div>\n\t\t\t\t<\/div>\n\t\t\t\t\t<\/div>\n\t\t\t\t<\/div>\n\t\t<div class=\"elementor-element elementor-element-5ef66cf3 e-flex e-con-boxed e-con e-parent\" data-id=\"5ef66cf3\" data-element_type=\"container\" data-e-type=\"container\">\n\t\t\t\t\t<div class=\"e-con-inner\">\n\t\t\t\t<div class=\"elementor-element elementor-element-1841dbeb elementor-widget elementor-widget-text-editor\" data-id=\"1841dbeb\" data-element_type=\"widget\" data-e-type=\"widget\" data-widget_type=\"text-editor.default\">\n\t\t\t\t<div class=\"elementor-widget-container\">\n\t\t\t\t\t\t\t\t\t<div class=\"blog__details__title\"><p>MBdentaire a r\u00e9ussi \u00e0 mettre en \u0153uvre la m\u00e9thode de production CAD\/CAM dans les infrastructures squelettiques au m\u00eame titre que la m\u00e9thode de coul\u00e9e conventionnelle. Elle continue \u00e0 travailler sur l&rsquo;augmentation du taux de proth\u00e8ses con\u00e7ues et fabriqu\u00e9es avec cette m\u00e9thode. Il \u00e9value \u00e0 la fois les alternatives consistant \u00e0 alimenter le processus de moulage avec la m\u00e9thode d&rsquo;impression 3D et \u00e0 atteindre directement le squelette fini avec le frittage laser, et continue \u00e0 travailler pour d\u00e9terminer la m\u00e9thode la plus appropri\u00e9e pour la qualit\u00e9 souhait\u00e9e dans cette direction.<\/p><h4><strong>\u00ab ATTENTION AUX D\u00c9TAILS \u00bb<\/strong><\/h4><p>Afin de garantir le maintien des infrastructures squelettiques, il est n\u00e9cessaire de voir les d\u00e9tails les plus fins et de proposer une planification et une conception conformes \u00e0 ces d\u00e9tails.<\/p><\/div>\t\t\t\t\t\t\t\t<\/div>\n\t\t\t\t<\/div>\n\t\t\t\t\t<\/div>\n\t\t\t\t<\/div>\n\t\t<div class=\"elementor-element elementor-element-7233ee86 e-flex e-con-boxed e-con e-parent\" data-id=\"7233ee86\" data-element_type=\"container\" data-e-type=\"container\">\n\t\t\t\t\t<div class=\"e-con-inner\">\n\t\t<div class=\"elementor-element elementor-element-6b3724f3 e-con-full e-flex e-con e-child\" data-id=\"6b3724f3\" data-element_type=\"container\" data-e-type=\"container\">\n\t\t\t\t<div class=\"elementor-element elementor-element-cc1bf1d elementor-widget elementor-widget-ld_fancy_image\" data-id=\"cc1bf1d\" data-element_type=\"widget\" data-e-type=\"widget\" data-widget_type=\"ld_fancy_image.default\">\n\t\t\t\t<div class=\"elementor-widget-container\">\n\t\t\t\t\t\n\t\t<div class=\"lqd-imggrp-single d-block pos-rel \" data-shadow-style=\"1\" data-inview=\"true\" data-animate-shadow=\"true\">\n\t\t\t<div class=\"lqd-imggrp-img-container d-inline-flex pos-rel align-items-center justify-content-center \">\n\t\t\t\t\t\t\t\t<figure class=\"w-100 pos-rel\">\n\t\t\t\t\t<img fetchpriority=\"high\" decoding=\"async\" width=\"330\" height=\"420\" src=\"https:\/\/mbdentaire.com\/wp-content\/uploads\/2024\/07\/isk2.jpg\" class=\"attachment-full size-full wp-image-7944\" alt=\"\" srcset=\"https:\/\/mbdentaire.com\/wp-content\/uploads\/2024\/07\/isk2.jpg 330w, https:\/\/mbdentaire.com\/wp-content\/uploads\/2024\/07\/isk2-236x300.jpg 236w\" sizes=\"(max-width: 330px) 100vw, 330px\" \/>\t\t\t\t\t\t\t\t\t\t\t\t\t\t\t\t\t\t\t\t\t\t\t\t\t<a href=\"https:\/\/mbdentaire.com\/wp-content\/uploads\/2024\/07\/isk2.jpg\" class=\"lqd-overlay lqd-fi-overlay-link lqd-cc-label-trigger fresco\" data-fresco-group=\"\"><\/a>\t\t\t\t<\/figure>\n\t\t\t<\/div>\n\t\t<\/div>\n\n\t\t\t\t\t<\/div>\n\t\t\t\t<\/div>\n\t\t\t\t<\/div>\n\t\t<div class=\"elementor-element elementor-element-14b4945b e-con-full e-flex e-con e-child\" data-id=\"14b4945b\" data-element_type=\"container\" data-e-type=\"container\">\n\t\t\t\t<div class=\"elementor-element elementor-element-5ee416ce elementor-widget elementor-widget-ld_fancy_image\" data-id=\"5ee416ce\" data-element_type=\"widget\" data-e-type=\"widget\" data-widget_type=\"ld_fancy_image.default\">\n\t\t\t\t<div class=\"elementor-widget-container\">\n\t\t\t\t\t\n\t\t<div class=\"lqd-imggrp-single d-block pos-rel \" data-shadow-style=\"1\" data-inview=\"true\" data-animate-shadow=\"true\">\n\t\t\t<div class=\"lqd-imggrp-img-container d-inline-flex pos-rel align-items-center justify-content-center \">\n\t\t\t\t\t\t\t\t<figure class=\"w-100 pos-rel\">\n\t\t\t\t\t<img decoding=\"async\" width=\"330\" height=\"420\" src=\"https:\/\/mbdentaire.com\/wp-content\/uploads\/2024\/07\/isk3.jpg\" class=\"attachment-full size-full wp-image-7945\" alt=\"\" srcset=\"https:\/\/mbdentaire.com\/wp-content\/uploads\/2024\/07\/isk3.jpg 330w, https:\/\/mbdentaire.com\/wp-content\/uploads\/2024\/07\/isk3-236x300.jpg 236w\" sizes=\"(max-width: 330px) 100vw, 330px\" \/>\t\t\t\t\t\t\t\t\t\t\t\t\t\t\t\t\t\t\t\t\t\t\t\t\t<a href=\"https:\/\/mbdentaire.com\/wp-content\/uploads\/2024\/07\/isk3.jpg\" class=\"lqd-overlay lqd-fi-overlay-link lqd-cc-label-trigger fresco\" data-fresco-group=\"\"><\/a>\t\t\t\t<\/figure>\n\t\t\t<\/div>\n\t\t<\/div>\n\n\t\t\t\t\t<\/div>\n\t\t\t\t<\/div>\n\t\t\t\t<\/div>\n\t\t<div class=\"elementor-element elementor-element-1caa8cc7 e-con-full e-flex e-con e-child\" data-id=\"1caa8cc7\" data-element_type=\"container\" data-e-type=\"container\">\n\t\t\t\t<div class=\"elementor-element elementor-element-55501da7 elementor-widget elementor-widget-ld_fancy_image\" data-id=\"55501da7\" data-element_type=\"widget\" data-e-type=\"widget\" data-widget_type=\"ld_fancy_image.default\">\n\t\t\t\t<div class=\"elementor-widget-container\">\n\t\t\t\t\t\n\t\t<div class=\"lqd-imggrp-single d-block pos-rel \" data-shadow-style=\"1\" data-inview=\"true\" data-animate-shadow=\"true\">\n\t\t\t<div class=\"lqd-imggrp-img-container d-inline-flex pos-rel align-items-center justify-content-center \">\n\t\t\t\t\t\t\t\t<figure class=\"w-100 pos-rel\">\n\t\t\t\t\t<img decoding=\"async\" width=\"330\" height=\"420\" src=\"https:\/\/mbdentaire.com\/wp-content\/uploads\/2024\/07\/isk4.jpg\" class=\"attachment-full size-full wp-image-7946\" alt=\"\" srcset=\"https:\/\/mbdentaire.com\/wp-content\/uploads\/2024\/07\/isk4.jpg 330w, https:\/\/mbdentaire.com\/wp-content\/uploads\/2024\/07\/isk4-236x300.jpg 236w\" sizes=\"(max-width: 330px) 100vw, 330px\" \/>\t\t\t\t\t\t\t\t\t\t\t\t\t\t\t\t\t\t\t\t\t\t\t\t\t<a href=\"https:\/\/mbdentaire.com\/wp-content\/uploads\/2024\/07\/isk4.jpg\" class=\"lqd-overlay lqd-fi-overlay-link lqd-cc-label-trigger fresco\" data-fresco-group=\"\"><\/a>\t\t\t\t<\/figure>\n\t\t\t<\/div>\n\t\t<\/div>\n\n\t\t\t\t\t<\/div>\n\t\t\t\t<\/div>\n\t\t\t\t<\/div>\n\t\t\t\t\t<\/div>\n\t\t\t\t<\/div>\n\t\t\t\t<\/div>\n\t\t","protected":false},"excerpt":{"rendered":"<p>stellites L&rsquo;ANCIEN ET LE NOUVEAU ENSEMBLE https:\/\/mbdentaire.com\/wp-content\/uploads\/2024\/07\/fre1-2.mp4 MBdentaire a r\u00e9ussi \u00e0 mettre en \u0153uvre la m\u00e9thode de production CAD\/CAM dans les infrastructures squelettiques au m\u00eame titre que la m\u00e9thode de coul\u00e9e conventionnelle. Elle continue \u00e0 travailler sur l&rsquo;augmentation du taux de proth\u00e8ses con\u00e7ues et fabriqu\u00e9es avec cette m\u00e9thode. Il \u00e9value \u00e0 la fois les alternatives [&hellip;]<\/p>\n","protected":false},"author":1,"featured_media":0,"parent":0,"menu_order":0,"comment_status":"closed","ping_status":"closed","template":"","meta":{"footnotes":""},"class_list":["post-9507","page","type-page","status-publish","hentry"],"_links":{"self":[{"href":"https:\/\/mbdentaire.com\/fr\/wp-json\/wp\/v2\/pages\/9507","targetHints":{"allow":["GET"]}}],"collection":[{"href":"https:\/\/mbdentaire.com\/fr\/wp-json\/wp\/v2\/pages"}],"about":[{"href":"https:\/\/mbdentaire.com\/fr\/wp-json\/wp\/v2\/types\/page"}],"author":[{"embeddable":true,"href":"https:\/\/mbdentaire.com\/fr\/wp-json\/wp\/v2\/users\/1"}],"replies":[{"embeddable":true,"href":"https:\/\/mbdentaire.com\/fr\/wp-json\/wp\/v2\/comments?post=9507"}],"version-history":[{"count":4,"href":"https:\/\/mbdentaire.com\/fr\/wp-json\/wp\/v2\/pages\/9507\/revisions"}],"predecessor-version":[{"id":9514,"href":"https:\/\/mbdentaire.com\/fr\/wp-json\/wp\/v2\/pages\/9507\/revisions\/9514"}],"wp:attachment":[{"href":"https:\/\/mbdentaire.com\/fr\/wp-json\/wp\/v2\/media?parent=9507"}],"curies":[{"name":"wp","href":"https:\/\/api.w.org\/{rel}","templated":true}]}}