{"id":9460,"date":"2024-07-21T15:43:11","date_gmt":"2024-07-21T12:43:11","guid":{"rendered":"https:\/\/mbdentaire.com\/bizden-haberler\/"},"modified":"2024-09-18T00:25:53","modified_gmt":"2024-09-17T21:25:53","slug":"nouvelles-de-nous","status":"publish","type":"page","link":"https:\/\/mbdentaire.com\/fr\/nouvelles-de-nous\/","title":{"rendered":"Nouvelles de nous"},"content":{"rendered":"\t\t<div data-elementor-type=\"wp-page\" data-elementor-id=\"9460\" class=\"elementor elementor-9460 elementor-7246\">\n\t\t\t\t<div class=\"elementor-element elementor-element-f08ab5a e-flex e-con-boxed e-con e-parent\" data-id=\"f08ab5a\" data-element_type=\"container\" data-e-type=\"container\" data-settings=\"{&quot;background_background&quot;:&quot;classic&quot;}\">\n\t\t\t\t\t<div class=\"e-con-inner\">\n\t\t<div class=\"elementor-element elementor-element-882574f e-con-full e-flex e-con e-child\" data-id=\"882574f\" data-element_type=\"container\" data-e-type=\"container\">\n\t\t\t\t<div data-custom-animations=\"true\" data-ca-options=\"{&quot;addChildTimelines&quot;:false,&quot;trigger&quot;:&quot;firstChild&quot;,&quot;animationTarget&quot;:&quot;.lqd-split-words .lqd-words .split-inner, .lqd-adv-txt-fig&quot;,&quot;duration&quot;:600,&quot;startDelay&quot;:200,&quot;delay&quot;:60,&quot;ease&quot;:[&quot;power4.out&quot;],&quot;initValues&quot;:{&quot;y&quot;:&quot;30px&quot;,&quot;opacity&quot;:0,&quot;transformOrigin&quot;:&quot;50% 50% 0px&quot;},&quot;animations&quot;:{&quot;y&quot;:&quot;0px&quot;,&quot;opacity&quot;:1,&quot;transformOrigin&quot;:&quot;50% 50% 0px&quot;}}\" class=\"elementor-element elementor-element-b862a38 elementor-widget elementor-widget-hub_fancy_heading lqd-el-has-inner-anim\" data-id=\"b862a38\" data-element_type=\"widget\" data-e-type=\"widget\" data-settings=\"{&quot;enable_split&quot;:&quot;true&quot;,&quot;split_type&quot;:&quot;words&quot;}\" data-widget_type=\"hub_fancy_heading.default\">\n\t\t\t\t<div class=\"elementor-widget-container\">\n\t\t\t\t\t\n\t\t<div id=\"ld-fancy-heading-69e0edf58d0b6\" class=\"ld-fancy-heading pos-rel\">\n\t\t\t<h1 class=\"ld-fh-element d-inline-block pos-rel  elementor-heading-title lqd-highlight-classic lqd-highlight-grow-left lqd-split-words h1\"  data-split-text=\"true\" data-split-options='{\"type\":\"words\"}'> nouvelles de nous<\/h1>\t\t<\/div>\n\n\t\t\t\t\t\t<\/div>\n\t\t\t\t<\/div>\n\t\t\t\t<\/div>\n\t\t\t\t\t<\/div>\n\t\t\t\t<\/div>\n\t\t<div class=\"elementor-element elementor-element-1f0b2cd e-flex e-con-boxed e-con e-parent\" data-id=\"1f0b2cd\" data-element_type=\"container\" data-e-type=\"container\">\n\t\t\t\t\t<div class=\"e-con-inner\">\n\t\t<div class=\"elementor-element elementor-element-7648bda e-con-full e-flex elementor-invisible e-con e-child\" data-id=\"7648bda\" data-element_type=\"container\" data-e-type=\"container\" data-settings=\"{&quot;animation&quot;:&quot;fadeInLeft&quot;}\">\n\t\t\t\t<div class=\"elementor-element elementor-element-e2ca7d1 elementor-widget elementor-widget-hub_fancy_heading\" data-id=\"e2ca7d1\" data-element_type=\"widget\" data-e-type=\"widget\" data-widget_type=\"hub_fancy_heading.default\">\n\t\t\t\t<div class=\"elementor-widget-container\">\n\t\t\t\t\t\n\t\t<div id=\"ld-fancy-heading-69e0edf58df01\" class=\"ld-fancy-heading pos-rel\">\n\t\t\t<h2 class=\"ld-fh-element d-inline-block pos-rel  elementor-heading-title lqd-highlight-classic lqd-highlight-grow-left h2\"  > Nouvelles de MBdentaire<\/h2>\t\t<\/div>\n\n\t\t\t\t\t\t<\/div>\n\t\t\t\t<\/div>\n\t\t\t\t<div class=\"elementor-element elementor-element-96f3680 elementor-widget elementor-widget-hub_fancy_heading\" data-id=\"96f3680\" data-element_type=\"widget\" data-e-type=\"widget\" data-widget_type=\"hub_fancy_heading.default\">\n\t\t\t\t<div class=\"elementor-widget-container\">\n\t\t\t\t\t\n\t\t<div id=\"ld-fancy-heading-69e0edf58eaec\" class=\"ld-fancy-heading pos-rel\">\n\t\t\t<p class=\"ld-fh-element d-inline-block pos-rel  lqd-highlight-classic lqd-highlight-grow-left p\"  > Ne manquez pas les derni\u00e8res innovations, les \u00e9v\u00e9nements et les d\u00e9veloppements industriels dans le monde MBdentaire en nous suivant. Dans cette section, nous vous pr\u00e9sentons les derni\u00e8res nouvelles et des vid\u00e9os passionnantes.<\/p>\t\t<\/div>\n\n\t\t\t\t\t\t<\/div>\n\t\t\t\t<\/div>\n\t\t\t\t<\/div>\n\t\t<div class=\"elementor-element elementor-element-3170b28 e-con-full e-flex e-con e-child\" data-id=\"3170b28\" data-element_type=\"container\" data-e-type=\"container\">\n\t\t\t\t<div class=\"elementor-element elementor-element-e043b08 elementor-invisible elementor-widget elementor-widget-video\" data-id=\"e043b08\" data-element_type=\"widget\" data-e-type=\"widget\" data-settings=\"{&quot;youtube_url&quot;:&quot;https:\\\/\\\/www.youtube.com\\\/watch?v=v4zXonF_bR0&quot;,&quot;autoplay&quot;:&quot;yes&quot;,&quot;mute&quot;:&quot;yes&quot;,&quot;loop&quot;:&quot;yes&quot;,&quot;_animation&quot;:&quot;fadeInRight&quot;,&quot;video_type&quot;:&quot;youtube&quot;,&quot;controls&quot;:&quot;yes&quot;}\" data-widget_type=\"video.default\">\n\t\t\t\t<div class=\"elementor-widget-container\">\n\t\t\t\t\t\t\t<div class=\"elementor-wrapper elementor-open-inline\">\n\t\t\t<div class=\"elementor-video\"><\/div>\t\t<\/div>\n\t\t\t\t\t\t<\/div>\n\t\t\t\t<\/div>\n\t\t\t\t<\/div>\n\t\t\t\t\t<\/div>\n\t\t\t\t<\/div>\n\t\t\t\t<\/div>\n\t\t","protected":false},"excerpt":{"rendered":"<p>nouvelles de nous Nouvelles de MBdentaire Ne manquez pas les derni\u00e8res innovations, les \u00e9v\u00e9nements et les d\u00e9veloppements industriels dans le monde MBdentaire en nous suivant. Dans cette section, nous vous pr\u00e9sentons les derni\u00e8res nouvelles et des vid\u00e9os passionnantes.<\/p>\n","protected":false},"author":1,"featured_media":0,"parent":0,"menu_order":0,"comment_status":"closed","ping_status":"closed","template":"","meta":{"footnotes":""},"class_list":["post-9460","page","type-page","status-publish","hentry"],"_links":{"self":[{"href":"https:\/\/mbdentaire.com\/fr\/wp-json\/wp\/v2\/pages\/9460","targetHints":{"allow":["GET"]}}],"collection":[{"href":"https:\/\/mbdentaire.com\/fr\/wp-json\/wp\/v2\/pages"}],"about":[{"href":"https:\/\/mbdentaire.com\/fr\/wp-json\/wp\/v2\/types\/page"}],"author":[{"embeddable":true,"href":"https:\/\/mbdentaire.com\/fr\/wp-json\/wp\/v2\/users\/1"}],"replies":[{"embeddable":true,"href":"https:\/\/mbdentaire.com\/fr\/wp-json\/wp\/v2\/comments?post=9460"}],"version-history":[{"count":4,"href":"https:\/\/mbdentaire.com\/fr\/wp-json\/wp\/v2\/pages\/9460\/revisions"}],"predecessor-version":[{"id":9464,"href":"https:\/\/mbdentaire.com\/fr\/wp-json\/wp\/v2\/pages\/9460\/revisions\/9464"}],"wp:attachment":[{"href":"https:\/\/mbdentaire.com\/fr\/wp-json\/wp\/v2\/media?parent=9460"}],"curies":[{"name":"wp","href":"https:\/\/api.w.org\/{rel}","templated":true}]}}