{"id":9455,"date":"2024-07-29T00:02:00","date_gmt":"2024-07-28T21:02:00","guid":{"rendered":"https:\/\/mbdentaire.com\/akrilik-protezler\/"},"modified":"2024-09-18T00:24:02","modified_gmt":"2024-09-17T21:24:02","slug":"protheses-acryliques","status":"publish","type":"page","link":"https:\/\/mbdentaire.com\/fr\/protheses-acryliques\/","title":{"rendered":"Proth\u00e8ses Acryliques"},"content":{"rendered":"\t\t<div data-elementor-type=\"wp-page\" data-elementor-id=\"9455\" class=\"elementor elementor-9455 elementor-7791\">\n\t\t\t\t<div class=\"elementor-element elementor-element-5bfe93e9 e-flex e-con-boxed e-con e-parent\" data-id=\"5bfe93e9\" data-element_type=\"container\" data-e-type=\"container\" data-settings=\"{&quot;background_background&quot;:&quot;classic&quot;}\">\n\t\t\t\t\t<div class=\"e-con-inner\">\n\t\t<div class=\"elementor-element elementor-element-7960d483 e-con-full e-flex e-con e-child\" data-id=\"7960d483\" data-element_type=\"container\" data-e-type=\"container\">\n\t\t\t\t<div data-custom-animations=\"true\" data-ca-options=\"{&quot;addChildTimelines&quot;:false,&quot;trigger&quot;:&quot;firstChild&quot;,&quot;animationTarget&quot;:&quot;.lqd-split-words .lqd-words .split-inner, .lqd-adv-txt-fig&quot;,&quot;duration&quot;:600,&quot;startDelay&quot;:200,&quot;delay&quot;:60,&quot;ease&quot;:[&quot;power4.out&quot;],&quot;initValues&quot;:{&quot;y&quot;:&quot;30px&quot;,&quot;opacity&quot;:0,&quot;transformOrigin&quot;:&quot;50% 50% 0px&quot;},&quot;animations&quot;:{&quot;y&quot;:&quot;0px&quot;,&quot;opacity&quot;:1,&quot;transformOrigin&quot;:&quot;50% 50% 0px&quot;}}\" class=\"elementor-element elementor-element-4808b4f5 elementor-widget elementor-widget-hub_fancy_heading lqd-el-has-inner-anim\" data-id=\"4808b4f5\" data-element_type=\"widget\" data-e-type=\"widget\" data-settings=\"{&quot;enable_split&quot;:&quot;true&quot;,&quot;split_type&quot;:&quot;words&quot;}\" data-widget_type=\"hub_fancy_heading.default\">\n\t\t\t\t<div class=\"elementor-widget-container\">\n\t\t\t\t\t\n\t\t<div id=\"ld-fancy-heading-69e0ee948a2d1\" class=\"ld-fancy-heading pos-rel\">\n\t\t\t<h1 class=\"ld-fh-element d-inline-block pos-rel  elementor-heading-title lqd-highlight-classic lqd-highlight-grow-left lqd-split-words h1\"  data-split-text=\"true\" data-split-options='{\"type\":\"words\"}'> proth\u00e8ses acryliques<\/h1>\t\t<\/div>\n\n\t\t\t\t\t\t<\/div>\n\t\t\t\t<\/div>\n\t\t\t\t<\/div>\n\t\t\t\t\t<\/div>\n\t\t\t\t<\/div>\n\t\t<div class=\"elementor-element elementor-element-498e2e35 e-flex e-con-boxed e-con e-parent\" data-id=\"498e2e35\" data-element_type=\"container\" data-e-type=\"container\">\n\t\t\t\t\t<div class=\"e-con-inner\">\n\t\t\t\t<div class=\"elementor-element elementor-element-573f6d32 elementor-widget elementor-widget-hub_fancy_heading\" data-id=\"573f6d32\" data-element_type=\"widget\" data-e-type=\"widget\" data-widget_type=\"hub_fancy_heading.default\">\n\t\t\t\t<div class=\"elementor-widget-container\">\n\t\t\t\t\t\n\t\t<div id=\"ld-fancy-heading-69e0ee948b087\" class=\"ld-fancy-heading pos-rel\">\n\t\t\t<h2 class=\"ld-fh-element d-inline-block pos-rel  elementor-heading-title lqd-highlight-classic lqd-highlight-grow-left h2\"  > PARFAITE AD\u00c9QUATION DES PI\u00c8CES, FORTE ADH\u00c9RENCE<\/h2>\t\t<\/div>\n\n\t\t\t\t\t\t<\/div>\n\t\t\t\t<\/div>\n\t\t\t\t\t<\/div>\n\t\t\t\t<\/div>\n\t\t<div class=\"elementor-element elementor-element-508239ad e-flex e-con-boxed e-con e-parent\" data-id=\"508239ad\" data-element_type=\"container\" data-e-type=\"container\">\n\t\t\t\t\t<div class=\"e-con-inner\">\n\t\t\t\t<div class=\"elementor-element elementor-element-ab93930 elementor-widget elementor-widget-video\" data-id=\"ab93930\" data-element_type=\"widget\" data-e-type=\"widget\" data-settings=\"{&quot;video_type&quot;:&quot;hosted&quot;,&quot;autoplay&quot;:&quot;yes&quot;,&quot;play_on_mobile&quot;:&quot;yes&quot;,&quot;mute&quot;:&quot;yes&quot;,&quot;loop&quot;:&quot;yes&quot;,&quot;controls&quot;:&quot;yes&quot;}\" data-widget_type=\"video.default\">\n\t\t\t\t<div class=\"elementor-widget-container\">\n\t\t\t\t\t\t\t<div class=\"e-hosted-video elementor-wrapper elementor-open-inline\">\n\t\t\t\t\t<video class=\"elementor-video\" src=\"https:\/\/mbdentaire.com\/wp-content\/uploads\/2024\/07\/fre1-1.mp4\" autoplay=\"\" loop=\"\" controls=\"\" muted=\"muted\" playsinline=\"\" controlsList=\"nodownload\"><\/video>\n\t\t\t\t<\/div>\n\t\t\t\t\t\t<\/div>\n\t\t\t\t<\/div>\n\t\t\t\t\t<\/div>\n\t\t\t\t<\/div>\n\t\t<div class=\"elementor-element elementor-element-7e49fee4 e-flex e-con-boxed e-con e-parent\" data-id=\"7e49fee4\" data-element_type=\"container\" data-e-type=\"container\">\n\t\t\t\t\t<div class=\"e-con-inner\">\n\t\t\t\t<div class=\"elementor-element elementor-element-3da418f0 elementor-widget elementor-widget-text-editor\" data-id=\"3da418f0\" data-element_type=\"widget\" data-e-type=\"widget\" data-widget_type=\"text-editor.default\">\n\t\t\t\t<div class=\"elementor-widget-container\">\n\t\t\t\t\t\t\t\t\t<div class=\"blog__details__title\"><p>RAPIDIT\u00c9, QUALIT\u00c9 ET CONFORT EN UN Le moyen le plus rapide de redonner \u00e0 l&rsquo;utilisateur son confort d&rsquo;antan est la proth\u00e8se acrylique. Toutes les proth\u00e8ses acryliques, partielles ou totales, sont fabriqu\u00e9es en tenant compte du confort de l&rsquo;utilisateur et de la mani\u00e8re la plus adapt\u00e9e \u00e0 la planification du m\u00e9decin. Les proth\u00e8ses Flexite produites avec des mat\u00e9riaux flexibles offrent un grand confort au patient, tandis que les mat\u00e9riaux durs sont pr\u00e9f\u00e9r\u00e9s en raison de leur durabilit\u00e9 et de leur co\u00fbt abordable.<\/p><h4><strong>DES MAINS EXPERTES POUR DES MAT\u00c9RIAUX DE QUALIT\u00c9<\/strong><\/h4><p>Toutes les proth\u00e8ses classiques avec fraises, attachements, armatures, partielles ou totales sont r\u00e9alis\u00e9es par des techniciens qualifi\u00e9s de MBdentaire. A chaque \u00e9tape, des techniciens exp\u00e9riment\u00e9s travaillent pour cr\u00e9er la meilleure proth\u00e8se en termes d&rsquo;esth\u00e9tique et de confort, en utilisant des mat\u00e9riaux de la plus haute qualit\u00e9 avec la couleur et la forme appropri\u00e9es. En particulier pour les types de proth\u00e8ses qui exigent une grande harmonie et une bonne coordination, comme les proth\u00e8ses combin\u00e9es, les d\u00e9tails esth\u00e9tiques sont prioritaires et tous les processus sont planifi\u00e9s et suivis individuellement depuis le stade primaire jusqu&rsquo;\u00e0 la proth\u00e8se finie.<\/p><h4><strong>POUR UNE R\u00c9TENTION \u00c9LEV\u00c9E<\/strong><\/h4><p>Les techniciens exp\u00e9riment\u00e9s du laboratoire de prosthodontie dentaire MBdentaire combinent toutes les proth\u00e8ses, qu&rsquo;elles soient CAD\/CAM ou conventionnelles, afin de maximiser la r\u00e9tention et le confort du patient. Les techniciens les plus exp\u00e9riment\u00e9s du laboratoire de proth\u00e8se dentaire MBdentaire, issus de diff\u00e9rentes disciplines, travaillent en \u00e9troite collaboration pour produire des proth\u00e8ses frais\u00e9es et des proth\u00e8ses d&rsquo;attachement, ce qui permet d&rsquo;obtenir des proth\u00e8ses parfaites.<\/p><\/div>\t\t\t\t\t\t\t\t<\/div>\n\t\t\t\t<\/div>\n\t\t\t\t\t<\/div>\n\t\t\t\t<\/div>\n\t\t<div class=\"elementor-element elementor-element-eabf362 e-flex e-con-boxed e-con e-parent\" data-id=\"eabf362\" data-element_type=\"container\" data-e-type=\"container\">\n\t\t\t\t\t<div class=\"e-con-inner\">\n\t\t<div class=\"elementor-element elementor-element-72229cae e-con-full e-flex e-con e-child\" data-id=\"72229cae\" data-element_type=\"container\" data-e-type=\"container\">\n\t\t\t\t<div class=\"elementor-element elementor-element-6dc9cce elementor-widget elementor-widget-ld_fancy_image\" data-id=\"6dc9cce\" data-element_type=\"widget\" data-e-type=\"widget\" data-widget_type=\"ld_fancy_image.default\">\n\t\t\t\t<div class=\"elementor-widget-container\">\n\t\t\t\t\t\n\t\t<div class=\"lqd-imggrp-single d-block pos-rel \" data-shadow-style=\"1\" data-inview=\"true\" data-animate-shadow=\"true\">\n\t\t\t<div class=\"lqd-imggrp-img-container d-inline-flex pos-rel align-items-center justify-content-center \">\n\t\t\t\t\t\t\t\t<figure class=\"w-100 pos-rel\">\n\t\t\t\t\t<img fetchpriority=\"high\" decoding=\"async\" width=\"330\" height=\"420\" src=\"https:\/\/mbdentaire.com\/wp-content\/uploads\/2024\/07\/akr2.jpg\" class=\"attachment-full size-full wp-image-7917\" alt=\"\" srcset=\"https:\/\/mbdentaire.com\/wp-content\/uploads\/2024\/07\/akr2.jpg 330w, https:\/\/mbdentaire.com\/wp-content\/uploads\/2024\/07\/akr2-236x300.jpg 236w\" sizes=\"(max-width: 330px) 100vw, 330px\" \/>\t\t\t\t\t\t\t\t\t\t\t\t\t\t\t\t\t\t\t\t\t\t\t\t\t<a href=\"https:\/\/mbdentaire.com\/wp-content\/uploads\/2024\/07\/akr2.jpg\" class=\"lqd-overlay lqd-fi-overlay-link lqd-cc-label-trigger fresco\" data-fresco-group=\"\"><\/a>\t\t\t\t<\/figure>\n\t\t\t<\/div>\n\t\t<\/div>\n\n\t\t\t\t\t<\/div>\n\t\t\t\t<\/div>\n\t\t\t\t<\/div>\n\t\t<div class=\"elementor-element elementor-element-7c0bebe9 e-con-full e-flex e-con e-child\" data-id=\"7c0bebe9\" data-element_type=\"container\" data-e-type=\"container\">\n\t\t\t\t<div class=\"elementor-element elementor-element-2c40a144 elementor-widget elementor-widget-ld_fancy_image\" data-id=\"2c40a144\" data-element_type=\"widget\" data-e-type=\"widget\" data-widget_type=\"ld_fancy_image.default\">\n\t\t\t\t<div class=\"elementor-widget-container\">\n\t\t\t\t\t\n\t\t<div class=\"lqd-imggrp-single d-block pos-rel \" data-shadow-style=\"1\" data-inview=\"true\" data-animate-shadow=\"true\">\n\t\t\t<div class=\"lqd-imggrp-img-container d-inline-flex pos-rel align-items-center justify-content-center \">\n\t\t\t\t\t\t\t\t<figure class=\"w-100 pos-rel\">\n\t\t\t\t\t<img decoding=\"async\" width=\"330\" height=\"420\" src=\"https:\/\/mbdentaire.com\/wp-content\/uploads\/2024\/07\/akr3.jpg\" class=\"attachment-full size-full wp-image-7918\" alt=\"\" srcset=\"https:\/\/mbdentaire.com\/wp-content\/uploads\/2024\/07\/akr3.jpg 330w, https:\/\/mbdentaire.com\/wp-content\/uploads\/2024\/07\/akr3-236x300.jpg 236w\" sizes=\"(max-width: 330px) 100vw, 330px\" \/>\t\t\t\t\t\t\t\t\t\t\t\t\t\t\t\t\t\t\t\t\t\t\t\t\t<a href=\"https:\/\/mbdentaire.com\/wp-content\/uploads\/2024\/07\/akr3.jpg\" class=\"lqd-overlay lqd-fi-overlay-link lqd-cc-label-trigger fresco\" data-fresco-group=\"\"><\/a>\t\t\t\t<\/figure>\n\t\t\t<\/div>\n\t\t<\/div>\n\n\t\t\t\t\t<\/div>\n\t\t\t\t<\/div>\n\t\t\t\t<\/div>\n\t\t<div class=\"elementor-element elementor-element-2e2d03f0 e-con-full e-flex e-con e-child\" data-id=\"2e2d03f0\" data-element_type=\"container\" data-e-type=\"container\">\n\t\t\t\t<div class=\"elementor-element elementor-element-187a98c8 elementor-widget elementor-widget-ld_fancy_image\" data-id=\"187a98c8\" data-element_type=\"widget\" data-e-type=\"widget\" data-widget_type=\"ld_fancy_image.default\">\n\t\t\t\t<div class=\"elementor-widget-container\">\n\t\t\t\t\t\n\t\t<div class=\"lqd-imggrp-single d-block pos-rel \" data-shadow-style=\"1\" data-inview=\"true\" data-animate-shadow=\"true\">\n\t\t\t<div class=\"lqd-imggrp-img-container d-inline-flex pos-rel align-items-center justify-content-center \">\n\t\t\t\t\t\t\t\t<figure class=\"w-100 pos-rel\">\n\t\t\t\t\t<img decoding=\"async\" width=\"330\" height=\"420\" src=\"https:\/\/mbdentaire.com\/wp-content\/uploads\/2024\/07\/akr4.jpg\" class=\"attachment-full size-full wp-image-7919\" alt=\"\" srcset=\"https:\/\/mbdentaire.com\/wp-content\/uploads\/2024\/07\/akr4.jpg 330w, https:\/\/mbdentaire.com\/wp-content\/uploads\/2024\/07\/akr4-236x300.jpg 236w\" sizes=\"(max-width: 330px) 100vw, 330px\" \/>\t\t\t\t\t\t\t\t\t\t\t\t\t\t\t\t\t\t\t\t\t\t\t\t\t<a href=\"https:\/\/mbdentaire.com\/wp-content\/uploads\/2024\/07\/akr4.jpg\" class=\"lqd-overlay lqd-fi-overlay-link lqd-cc-label-trigger fresco\" data-fresco-group=\"\"><\/a>\t\t\t\t<\/figure>\n\t\t\t<\/div>\n\t\t<\/div>\n\n\t\t\t\t\t<\/div>\n\t\t\t\t<\/div>\n\t\t\t\t<\/div>\n\t\t\t\t\t<\/div>\n\t\t\t\t<\/div>\n\t\t\t\t<\/div>\n\t\t","protected":false},"excerpt":{"rendered":"<p>proth\u00e8ses acryliques PARFAITE AD\u00c9QUATION DES PI\u00c8CES, FORTE ADH\u00c9RENCE https:\/\/mbdentaire.com\/wp-content\/uploads\/2024\/07\/fre1-1.mp4 RAPIDIT\u00c9, QUALIT\u00c9 ET CONFORT EN UN Le moyen le plus rapide de redonner \u00e0 l&rsquo;utilisateur son confort d&rsquo;antan est la proth\u00e8se acrylique. Toutes les proth\u00e8ses acryliques, partielles ou totales, sont fabriqu\u00e9es en tenant compte du confort de l&rsquo;utilisateur et de la mani\u00e8re la plus adapt\u00e9e \u00e0 [&hellip;]<\/p>\n","protected":false},"author":1,"featured_media":0,"parent":0,"menu_order":0,"comment_status":"closed","ping_status":"closed","template":"","meta":{"footnotes":""},"class_list":["post-9455","page","type-page","status-publish","hentry"],"_links":{"self":[{"href":"https:\/\/mbdentaire.com\/fr\/wp-json\/wp\/v2\/pages\/9455","targetHints":{"allow":["GET"]}}],"collection":[{"href":"https:\/\/mbdentaire.com\/fr\/wp-json\/wp\/v2\/pages"}],"about":[{"href":"https:\/\/mbdentaire.com\/fr\/wp-json\/wp\/v2\/types\/page"}],"author":[{"embeddable":true,"href":"https:\/\/mbdentaire.com\/fr\/wp-json\/wp\/v2\/users\/1"}],"replies":[{"embeddable":true,"href":"https:\/\/mbdentaire.com\/fr\/wp-json\/wp\/v2\/comments?post=9455"}],"version-history":[{"count":4,"href":"https:\/\/mbdentaire.com\/fr\/wp-json\/wp\/v2\/pages\/9455\/revisions"}],"predecessor-version":[{"id":9459,"href":"https:\/\/mbdentaire.com\/fr\/wp-json\/wp\/v2\/pages\/9455\/revisions\/9459"}],"wp:attachment":[{"href":"https:\/\/mbdentaire.com\/fr\/wp-json\/wp\/v2\/media?parent=9455"}],"curies":[{"name":"wp","href":"https:\/\/api.w.org\/{rel}","templated":true}]}}