{"id":9450,"date":"2024-07-21T15:41:23","date_gmt":"2024-07-21T12:41:23","guid":{"rendered":"https:\/\/mbdentaire.com\/3d-tasarim\/"},"modified":"2024-09-18T00:21:34","modified_gmt":"2024-09-17T21:21:34","slug":"conception-3d","status":"publish","type":"page","link":"https:\/\/mbdentaire.com\/fr\/conception-3d\/","title":{"rendered":"Conception 3D"},"content":{"rendered":"\t\t<div data-elementor-type=\"wp-page\" data-elementor-id=\"9450\" class=\"elementor elementor-9450 elementor-7239\">\n\t\t\t\t<div class=\"elementor-element elementor-element-83e6df2 e-flex e-con-boxed e-con e-parent\" data-id=\"83e6df2\" data-element_type=\"container\" data-e-type=\"container\" data-settings=\"{&quot;background_background&quot;:&quot;classic&quot;}\">\n\t\t\t\t\t<div class=\"e-con-inner\">\n\t\t<div class=\"elementor-element elementor-element-9738ee6 e-con-full e-flex e-con e-child\" data-id=\"9738ee6\" data-element_type=\"container\" data-e-type=\"container\">\n\t\t\t\t<div data-custom-animations=\"true\" data-ca-options=\"{&quot;addChildTimelines&quot;:false,&quot;trigger&quot;:&quot;firstChild&quot;,&quot;animationTarget&quot;:&quot;.lqd-split-words .lqd-words .split-inner, .lqd-adv-txt-fig&quot;,&quot;duration&quot;:600,&quot;startDelay&quot;:200,&quot;delay&quot;:60,&quot;ease&quot;:[&quot;power4.out&quot;],&quot;initValues&quot;:{&quot;y&quot;:&quot;30px&quot;,&quot;opacity&quot;:0,&quot;transformOrigin&quot;:&quot;50% 50% 0px&quot;},&quot;animations&quot;:{&quot;y&quot;:&quot;0px&quot;,&quot;opacity&quot;:1,&quot;transformOrigin&quot;:&quot;50% 50% 0px&quot;}}\" class=\"elementor-element elementor-element-a055c76 elementor-widget elementor-widget-hub_fancy_heading lqd-el-has-inner-anim\" data-id=\"a055c76\" data-element_type=\"widget\" data-e-type=\"widget\" data-settings=\"{&quot;enable_split&quot;:&quot;true&quot;,&quot;split_type&quot;:&quot;words&quot;}\" data-widget_type=\"hub_fancy_heading.default\">\n\t\t\t\t<div class=\"elementor-widget-container\">\n\t\t\t\t\t\n\t\t<div id=\"ld-fancy-heading-69e0ee9594dec\" class=\"ld-fancy-heading pos-rel\">\n\t\t\t<h1 class=\"ld-fh-element d-inline-block pos-rel  elementor-heading-title lqd-highlight-classic lqd-highlight-grow-left lqd-split-words h1\"  data-split-text=\"true\" data-split-options='{\"type\":\"words\"}'> conception 3D<\/h1>\t\t<\/div>\n\n\t\t\t\t\t\t<\/div>\n\t\t\t\t<\/div>\n\t\t\t\t<\/div>\n\t\t\t\t\t<\/div>\n\t\t\t\t<\/div>\n\t\t<div class=\"elementor-element elementor-element-2a3ed09 e-flex e-con-boxed e-con e-parent\" data-id=\"2a3ed09\" data-element_type=\"container\" data-e-type=\"container\">\n\t\t\t\t\t<div class=\"e-con-inner\">\n\t\t<div class=\"elementor-element elementor-element-b86738c e-con-full e-flex elementor-invisible e-con e-child\" data-id=\"b86738c\" data-element_type=\"container\" data-e-type=\"container\" data-settings=\"{&quot;animation&quot;:&quot;fadeInLeft&quot;}\">\n\t\t\t\t<div class=\"elementor-element elementor-element-e28b081 elementor-widget elementor-widget-hub_fancy_heading\" data-id=\"e28b081\" data-element_type=\"widget\" data-e-type=\"widget\" data-widget_type=\"hub_fancy_heading.default\">\n\t\t\t\t<div class=\"elementor-widget-container\">\n\t\t\t\t\t\n\t\t<div id=\"ld-fancy-heading-69e0ee9595a40\" class=\"ld-fancy-heading pos-rel\">\n\t\t\t<h3 class=\"ld-fh-element d-inline-block pos-rel  elementor-heading-title lqd-highlight-classic lqd-highlight-grow-left h3\"  > Le chemin vers l'harmonie et l'\u00e9quilibre des proth\u00e8ses dentaires commence par un bon mod\u00e8le.<\/h3>\t\t<\/div>\n\n\t\t\t\t\t\t<\/div>\n\t\t\t\t<\/div>\n\t\t\t\t<div class=\"elementor-element elementor-element-b25d07d elementor-widget elementor-widget-text-editor\" data-id=\"b25d07d\" data-element_type=\"widget\" data-e-type=\"widget\" data-widget_type=\"text-editor.default\">\n\t\t\t\t<div class=\"elementor-widget-container\">\n\t\t\t\t\t\t\t\t\t<p>Qu&rsquo;il s&rsquo;agisse de mesures conventionnelles ou de fichiers de scanners intra-oraux, MBdentaire fait preuve de la pr\u00e9cision n\u00e9cessaire pour transformer tout le mat\u00e9riel de ses clients en un bon mod\u00e8le.<\/p>\t\t\t\t\t\t\t\t<\/div>\n\t\t\t\t<\/div>\n\t\t\t\t<div class=\"elementor-element elementor-element-4ba544b elementor-widget elementor-widget-text-editor\" data-id=\"4ba544b\" data-element_type=\"widget\" data-e-type=\"widget\" data-widget_type=\"text-editor.default\">\n\t\t\t\t<div class=\"elementor-widget-container\">\n\t\t\t\t\t\t\t\t\t<p><strong>POUR UN BON MOD\u00c8LE<\/strong><br \/>Alors que les mod\u00e8les en pl\u00e2tre sont scann\u00e9s avec des scanners 3 Shape \u00e0 grande vitesse et pr\u00e9cision et pr\u00e9par\u00e9s pour la conception, les sorties IOS sont utilis\u00e9es pour la conception de l&rsquo;infrastructure d&rsquo;une part et d&rsquo;autre part, elles sont transform\u00e9es en mod\u00e8les avec les imprimantes 3D les plus sensibles sans aucune perte. MBdentaire veille \u00e0 ce que tous ses clients aient acc\u00e8s \u00e0 la technologie la plus r\u00e9cente gr\u00e2ce \u00e0 ses techniciens qui disposent de l&rsquo;infrastructure et de l&rsquo;exp\u00e9rience n\u00e9cessaires pour concevoir toutes les indications dans un environnement num\u00e9rique. MBdentaire fournit \u00e9galement un soutien en mati\u00e8re de num\u00e9risation et de conception \u00e0 ses clients qui disposent de leur propre infrastructure de production et partage sans h\u00e9sitation les connaissances en mati\u00e8re de conception d\u00e9velopp\u00e9es au fil des ans avec ses clients.<\/p>\t\t\t\t\t\t\t\t<\/div>\n\t\t\t\t<\/div>\n\t\t\t\t<\/div>\n\t\t<div class=\"elementor-element elementor-element-6ef167f e-con-full e-flex elementor-invisible e-con e-child\" data-id=\"6ef167f\" data-element_type=\"container\" data-e-type=\"container\" data-settings=\"{&quot;animation&quot;:&quot;fadeInRight&quot;}\">\n\t\t\t\t<div class=\"elementor-element elementor-element-1dc95d4 elementor-widget elementor-widget-video\" data-id=\"1dc95d4\" data-element_type=\"widget\" data-e-type=\"widget\" data-settings=\"{&quot;video_type&quot;:&quot;hosted&quot;,&quot;autoplay&quot;:&quot;yes&quot;,&quot;play_on_mobile&quot;:&quot;yes&quot;,&quot;loop&quot;:&quot;yes&quot;,&quot;controls&quot;:&quot;yes&quot;}\" data-widget_type=\"video.default\">\n\t\t\t\t<div class=\"elementor-widget-container\">\n\t\t\t\t\t\t\t<div class=\"e-hosted-video elementor-wrapper elementor-open-inline\">\n\t\t\t\t\t<video class=\"elementor-video\" src=\"https:\/\/mbdentaire.com\/wp-content\/uploads\/2024\/07\/3d.mp4\" autoplay=\"\" loop=\"\" controls=\"\" playsinline=\"\" controlsList=\"nodownload\"><\/video>\n\t\t\t\t<\/div>\n\t\t\t\t\t\t<\/div>\n\t\t\t\t<\/div>\n\t\t\t\t<\/div>\n\t\t\t\t\t<\/div>\n\t\t\t\t<\/div>\n\t\t<div class=\"elementor-element elementor-element-b856929 e-flex e-con-boxed e-con e-parent\" data-id=\"b856929\" data-element_type=\"container\" data-e-type=\"container\">\n\t\t\t\t\t<div class=\"e-con-inner\">\n\t\t<div class=\"elementor-element elementor-element-e0895fd e-con-full e-flex e-con e-child\" data-id=\"e0895fd\" data-element_type=\"container\" data-e-type=\"container\">\n\t\t\t\t<div class=\"elementor-element elementor-element-b8f2c6f elementor-widget elementor-widget-ld_fancy_image\" data-id=\"b8f2c6f\" data-element_type=\"widget\" data-e-type=\"widget\" data-widget_type=\"ld_fancy_image.default\">\n\t\t\t\t<div class=\"elementor-widget-container\">\n\t\t\t\t\t\n\t\t<div class=\"lqd-imggrp-single d-block pos-rel \" data-shadow-style=\"1\" data-inview=\"true\" data-animate-shadow=\"true\">\n\t\t\t<div class=\"lqd-imggrp-img-container d-inline-flex pos-rel align-items-center justify-content-center \">\n\t\t\t\t\t\t\t\t<figure class=\"w-100 pos-rel\">\n\t\t\t\t\t<img fetchpriority=\"high\" decoding=\"async\" width=\"472\" height=\"600\" src=\"https:\/\/mbdentaire.com\/wp-content\/uploads\/2024\/07\/3d.webp\" class=\"attachment-full size-full wp-image-7348\" alt=\"\" srcset=\"https:\/\/mbdentaire.com\/wp-content\/uploads\/2024\/07\/3d.webp 472w, https:\/\/mbdentaire.com\/wp-content\/uploads\/2024\/07\/3d-236x300.webp 236w, https:\/\/mbdentaire.com\/wp-content\/uploads\/2024\/07\/3d-370x470.webp 370w\" sizes=\"(max-width: 472px) 100vw, 472px\" \/>\t\t\t\t\t\t\t\t\t\t\t\t\t\t\t\t\t\t\t\t\t\t\t\t\t<a href=\"https:\/\/mbdentaire.com\/wp-content\/uploads\/2024\/07\/3d.webp\" class=\"lqd-overlay lqd-fi-overlay-link lqd-cc-label-trigger fresco\" data-fresco-group=\"\"><\/a>\t\t\t\t<\/figure>\n\t\t\t<\/div>\n\t\t<\/div>\n\n\t\t\t\t\t<\/div>\n\t\t\t\t<\/div>\n\t\t\t\t<\/div>\n\t\t<div class=\"elementor-element elementor-element-cd30812 e-con-full e-flex e-con e-child\" data-id=\"cd30812\" data-element_type=\"container\" data-e-type=\"container\">\n\t\t\t\t<div class=\"elementor-element elementor-element-3aab8df elementor-widget elementor-widget-ld_fancy_image\" data-id=\"3aab8df\" data-element_type=\"widget\" data-e-type=\"widget\" data-widget_type=\"ld_fancy_image.default\">\n\t\t\t\t<div class=\"elementor-widget-container\">\n\t\t\t\t\t\n\t\t<div class=\"lqd-imggrp-single d-block pos-rel \" data-shadow-style=\"1\" data-inview=\"true\" data-animate-shadow=\"true\">\n\t\t\t<div class=\"lqd-imggrp-img-container d-inline-flex pos-rel align-items-center justify-content-center \">\n\t\t\t\t\t\t\t\t<figure class=\"w-100 pos-rel\">\n\t\t\t\t\t<img decoding=\"async\" width=\"330\" height=\"420\" src=\"https:\/\/mbdentaire.com\/wp-content\/uploads\/2024\/07\/3d1.jpg\" class=\"attachment-full size-full wp-image-7349\" alt=\"\" srcset=\"https:\/\/mbdentaire.com\/wp-content\/uploads\/2024\/07\/3d1.jpg 330w, https:\/\/mbdentaire.com\/wp-content\/uploads\/2024\/07\/3d1-236x300.jpg 236w\" sizes=\"(max-width: 330px) 100vw, 330px\" \/>\t\t\t\t\t\t\t\t\t\t\t\t\t\t\t\t\t\t\t\t\t\t\t\t\t<a href=\"https:\/\/mbdentaire.com\/wp-content\/uploads\/2024\/07\/3d1.jpg\" class=\"lqd-overlay lqd-fi-overlay-link lqd-cc-label-trigger fresco\" data-fresco-group=\"\"><\/a>\t\t\t\t<\/figure>\n\t\t\t<\/div>\n\t\t<\/div>\n\n\t\t\t\t\t<\/div>\n\t\t\t\t<\/div>\n\t\t\t\t<\/div>\n\t\t<div class=\"elementor-element elementor-element-34784a3 e-con-full e-flex e-con e-child\" data-id=\"34784a3\" data-element_type=\"container\" data-e-type=\"container\">\n\t\t\t\t<div class=\"elementor-element elementor-element-86aeb48 elementor-widget elementor-widget-ld_fancy_image\" data-id=\"86aeb48\" data-element_type=\"widget\" data-e-type=\"widget\" data-widget_type=\"ld_fancy_image.default\">\n\t\t\t\t<div class=\"elementor-widget-container\">\n\t\t\t\t\t\n\t\t<div class=\"lqd-imggrp-single d-block pos-rel \" data-shadow-style=\"1\" data-inview=\"true\" data-animate-shadow=\"true\">\n\t\t\t<div class=\"lqd-imggrp-img-container d-inline-flex pos-rel align-items-center justify-content-center \">\n\t\t\t\t\t\t\t\t<figure class=\"w-100 pos-rel\">\n\t\t\t\t\t<img decoding=\"async\" width=\"330\" height=\"420\" src=\"https:\/\/mbdentaire.com\/wp-content\/uploads\/2024\/07\/3d2.jpg\" class=\"attachment-full size-full wp-image-7350\" alt=\"\" srcset=\"https:\/\/mbdentaire.com\/wp-content\/uploads\/2024\/07\/3d2.jpg 330w, https:\/\/mbdentaire.com\/wp-content\/uploads\/2024\/07\/3d2-236x300.jpg 236w\" sizes=\"(max-width: 330px) 100vw, 330px\" \/>\t\t\t\t\t\t\t\t\t\t\t\t\t\t\t\t\t\t\t\t\t\t\t\t\t<a href=\"https:\/\/mbdentaire.com\/wp-content\/uploads\/2024\/07\/3d2.jpg\" class=\"lqd-overlay lqd-fi-overlay-link lqd-cc-label-trigger fresco\" data-fresco-group=\"\"><\/a>\t\t\t\t<\/figure>\n\t\t\t<\/div>\n\t\t<\/div>\n\n\t\t\t\t\t<\/div>\n\t\t\t\t<\/div>\n\t\t\t\t<\/div>\n\t\t<div class=\"elementor-element elementor-element-ab9930a e-con-full e-flex e-con e-child\" data-id=\"ab9930a\" data-element_type=\"container\" data-e-type=\"container\">\n\t\t\t\t<div class=\"elementor-element elementor-element-dcaa57d elementor-widget elementor-widget-ld_fancy_image\" data-id=\"dcaa57d\" data-element_type=\"widget\" data-e-type=\"widget\" data-widget_type=\"ld_fancy_image.default\">\n\t\t\t\t<div class=\"elementor-widget-container\">\n\t\t\t\t\t\n\t\t<div class=\"lqd-imggrp-single d-block pos-rel \" data-shadow-style=\"1\" data-inview=\"true\" data-animate-shadow=\"true\">\n\t\t\t<div class=\"lqd-imggrp-img-container d-inline-flex pos-rel align-items-center justify-content-center \">\n\t\t\t\t\t\t\t\t<figure class=\"w-100 pos-rel\">\n\t\t\t\t\t<img loading=\"lazy\" decoding=\"async\" width=\"330\" height=\"420\" src=\"https:\/\/mbdentaire.com\/wp-content\/uploads\/2024\/07\/3d3.jpg\" class=\"attachment-full size-full wp-image-7351\" alt=\"\" srcset=\"https:\/\/mbdentaire.com\/wp-content\/uploads\/2024\/07\/3d3.jpg 330w, https:\/\/mbdentaire.com\/wp-content\/uploads\/2024\/07\/3d3-236x300.jpg 236w\" sizes=\"(max-width: 330px) 100vw, 330px\" \/>\t\t\t\t\t\t\t\t\t\t\t\t\t\t\t\t\t\t\t\t\t\t\t\t\t<a href=\"https:\/\/mbdentaire.com\/wp-content\/uploads\/2024\/07\/3d3.jpg\" class=\"lqd-overlay lqd-fi-overlay-link lqd-cc-label-trigger fresco\" data-fresco-group=\"\"><\/a>\t\t\t\t<\/figure>\n\t\t\t<\/div>\n\t\t<\/div>\n\n\t\t\t\t\t<\/div>\n\t\t\t\t<\/div>\n\t\t\t\t<\/div>\n\t\t\t\t\t<\/div>\n\t\t\t\t<\/div>\n\t\t\t\t<\/div>\n\t\t","protected":false},"excerpt":{"rendered":"<p>conception 3D Le chemin vers l&rsquo;harmonie et l&rsquo;\u00e9quilibre des proth\u00e8ses dentaires commence par un bon mod\u00e8le. Qu&rsquo;il s&rsquo;agisse de mesures conventionnelles ou de fichiers de scanners intra-oraux, MBdentaire fait preuve de la pr\u00e9cision n\u00e9cessaire pour transformer tout le mat\u00e9riel de ses clients en un bon mod\u00e8le. POUR UN BON MOD\u00c8LEAlors que les mod\u00e8les en pl\u00e2tre [&hellip;]<\/p>\n","protected":false},"author":1,"featured_media":0,"parent":0,"menu_order":0,"comment_status":"closed","ping_status":"closed","template":"","meta":{"footnotes":""},"class_list":["post-9450","page","type-page","status-publish","hentry"],"_links":{"self":[{"href":"https:\/\/mbdentaire.com\/fr\/wp-json\/wp\/v2\/pages\/9450","targetHints":{"allow":["GET"]}}],"collection":[{"href":"https:\/\/mbdentaire.com\/fr\/wp-json\/wp\/v2\/pages"}],"about":[{"href":"https:\/\/mbdentaire.com\/fr\/wp-json\/wp\/v2\/types\/page"}],"author":[{"embeddable":true,"href":"https:\/\/mbdentaire.com\/fr\/wp-json\/wp\/v2\/users\/1"}],"replies":[{"embeddable":true,"href":"https:\/\/mbdentaire.com\/fr\/wp-json\/wp\/v2\/comments?post=9450"}],"version-history":[{"count":4,"href":"https:\/\/mbdentaire.com\/fr\/wp-json\/wp\/v2\/pages\/9450\/revisions"}],"predecessor-version":[{"id":9454,"href":"https:\/\/mbdentaire.com\/fr\/wp-json\/wp\/v2\/pages\/9450\/revisions\/9454"}],"wp:attachment":[{"href":"https:\/\/mbdentaire.com\/fr\/wp-json\/wp\/v2\/media?parent=9450"}],"curies":[{"name":"wp","href":"https:\/\/api.w.org\/{rel}","templated":true}]}}